{"id":1028163,"date":"2025-10-10T01:18:40","date_gmt":"2025-10-09T23:18:40","guid":{"rendered":"https:\/\/voluntaryregistry.com\/ro\/?page_id=1028163"},"modified":"2025-10-10T01:22:04","modified_gmt":"2025-10-09T23:22:04","slug":"registry-and-query-system","status":"publish","type":"page","link":"https:\/\/voluntaryregistry.com\/en\/registry-and-query-system\/","title":{"rendered":"Registry and Query System"},"content":{"rendered":"<div style=\"position: relative; width: 100%; height: 1160px; margin: 20px 0;\"><iframe style=\"position: absolute; top: 0; left: 0; width: 100%; height: 100%; border: none; border-radius: 10px; box-shadow: 0 4px 12px rgba(0,0,0,0.1);\" title=\"OurOffset Registry and Query System\" src=\"https:\/\/egyablakos.hu\/reg-query\/reg_query_mob.php\"><span data-mce-type=\"bookmark\" style=\"display: inline-block; width: 0px; overflow: hidden; line-height: 0;\" class=\"mce_SELRES_start\">\ufeff<\/span><br \/>\n<\/iframe><\/div>\n","protected":false},"excerpt":{"rendered":"<p>\ufeff<\/p>\n","protected":false},"author":1,"featured_media":0,"parent":0,"menu_order":0,"comment_status":"closed","ping_status":"closed","template":"","meta":{"_cloudinary_featured_overwrite":false,"footnotes":""},"categories":[1],"tags":[200,199,198,197],"class_list":["post-1028163","page","type-page","status-publish","hentry","category-voluntary-carbon-registry","tag-felhasznalhato-karbonkreditek","tag-lekerdezes","tag-nyilvantartas","tag-registry"],"yoast_head":"<!-- This site is optimized with the Yoast SEO plugin v27.4 - https:\/\/yoast.com\/product\/yoast-seo-wordpress\/ -->\n<title>Registry and Query System<\/title>\n<meta name=\"description\" content=\"OurOffset Registry and Query System | A teljes nyilv\u00e1ntart\u00e1s egyben, lek\u00e9rdezhet\u0151 \u00e9s mobilbar\u00e1t fel\u00fclet\u00e9n is el\u00e9rhet\u0151...\" \/>\n<meta name=\"robots\" content=\"index, follow, max-snippet:-1, max-image-preview:large, max-video-preview:-1\" \/>\n<link rel=\"canonical\" href=\"https:\/\/voluntaryregistry.com\/en\/registry-and-query-system\/\" \/>\n<meta property=\"og:locale\" content=\"en_US\" \/>\n<meta property=\"og:locale:alternate\" content=\"hu_HU\" \/>\n<meta property=\"og:locale:alternate\" content=\"ro_RO\" \/>\n<meta property=\"og:type\" content=\"article\" \/>\n<meta property=\"og:title\" content=\"Registry and Query System\" \/>\n<meta property=\"og:description\" content=\"OurOffset Registry and Query System | A teljes nyilv\u00e1ntart\u00e1s egyben, lek\u00e9rdezhet\u0151 \u00e9s mobilbar\u00e1t fel\u00fclet\u00e9n is el\u00e9rhet\u0151...\" \/>\n<meta property=\"og:url\" content=\"https:\/\/voluntaryregistry.com\/en\/registry-and-query-system\/\" \/>\n<meta property=\"og:site_name\" content=\"Voluntary Carbon Registry\" \/>\n<meta property=\"article:publisher\" content=\"https:\/\/www.facebook.com\/groups\/195978027185234\" \/>\n<meta property=\"article:modified_time\" content=\"2025-10-09T23:22:04+00:00\" \/>\n<meta property=\"og:image\" content=\"https:\/\/res.cloudinary.com\/voluntaryregistry\/images\/f_auto,q_auto:eco\/v1760051861\/ouroffset_reg_kep\/ouroffset_reg_kep.jpg?_i=AA\" \/>\n\t<meta property=\"og:image:width\" content=\"1200\" \/>\n\t<meta property=\"og:image:height\" content=\"675\" \/>\n\t<meta property=\"og:image:type\" content=\"image\/jpeg\" \/>\n<meta name=\"twitter:card\" content=\"summary_large_image\" \/>\n<script type=\"application\/ld+json\" class=\"yoast-schema-graph\">{\"@context\":\"https:\\\/\\\/schema.org\",\"@graph\":[{\"@type\":\"WebPage\",\"@id\":\"https:\\\/\\\/voluntaryregistry.com\\\/registry-and-query-system\\\/\",\"url\":\"https:\\\/\\\/voluntaryregistry.com\\\/registry-and-query-system\\\/\",\"name\":\"Registry and Query System\",\"isPartOf\":{\"@id\":\"https:\\\/\\\/voluntaryregistry.com\\\/#website\"},\"datePublished\":\"2025-10-09T23:18:40+00:00\",\"dateModified\":\"2025-10-09T23:22:04+00:00\",\"description\":\"OurOffset Registry and Query System | A teljes nyilv\u00e1ntart\u00e1s egyben, lek\u00e9rdezhet\u0151 \u00e9s mobilbar\u00e1t fel\u00fclet\u00e9n is el\u00e9rhet\u0151...\",\"breadcrumb\":{\"@id\":\"https:\\\/\\\/voluntaryregistry.com\\\/registry-and-query-system\\\/#breadcrumb\"},\"inLanguage\":\"en-US\",\"potentialAction\":[{\"@type\":\"ReadAction\",\"target\":[\"https:\\\/\\\/voluntaryregistry.com\\\/registry-and-query-system\\\/\"]}]},{\"@type\":\"BreadcrumbList\",\"@id\":\"https:\\\/\\\/voluntaryregistry.com\\\/registry-and-query-system\\\/#breadcrumb\",\"itemListElement\":[{\"@type\":\"ListItem\",\"position\":1,\"name\":\"Kezd\u0151lap\",\"item\":\"https:\\\/\\\/voluntaryregistry.com\\\/en\\\/\"},{\"@type\":\"ListItem\",\"position\":2,\"name\":\"Registry and Query System\"}]},{\"@type\":\"WebSite\",\"@id\":\"https:\\\/\\\/voluntaryregistry.com\\\/#website\",\"url\":\"https:\\\/\\\/voluntaryregistry.com\\\/\",\"name\":\"Voluntary Carbon Registry\",\"description\":\"OurOffset Registry's reliable and secure platform in partnership with iCC\",\"publisher\":{\"@id\":\"https:\\\/\\\/voluntaryregistry.com\\\/#organization\"},\"potentialAction\":[{\"@type\":\"SearchAction\",\"target\":{\"@type\":\"EntryPoint\",\"urlTemplate\":\"https:\\\/\\\/voluntaryregistry.com\\\/?s={search_term_string}\"},\"query-input\":{\"@type\":\"PropertyValueSpecification\",\"valueRequired\":true,\"valueName\":\"search_term_string\"}}],\"inLanguage\":\"en-US\"},{\"@type\":\"Organization\",\"@id\":\"https:\\\/\\\/voluntaryregistry.com\\\/#organization\",\"name\":\"OurOffset Nonprofit LLC.\",\"url\":\"https:\\\/\\\/voluntaryregistry.com\\\/\",\"logo\":{\"@type\":\"ImageObject\",\"inLanguage\":\"en-US\",\"@id\":\"https:\\\/\\\/voluntaryregistry.com\\\/#\\\/schema\\\/logo\\\/image\\\/\",\"url\":\"https:\\\/\\\/res.cloudinary.com\\\/voluntaryregistry\\\/images\\\/c_scale,q_auto:eco,w_500\\\/f_auto,q_auto:eco\\\/v1627158303\\\/voluntary_registry\\\/voluntary_registry.png?_i=AA\",\"contentUrl\":\"https:\\\/\\\/res.cloudinary.com\\\/voluntaryregistry\\\/images\\\/c_scale,q_auto:eco,w_500\\\/f_auto,q_auto:eco\\\/v1627158303\\\/voluntary_registry\\\/voluntary_registry.png?_i=AA\",\"width\":500,\"height\":114,\"caption\":\"OurOffset Nonprofit LLC.\"},\"image\":{\"@id\":\"https:\\\/\\\/voluntaryregistry.com\\\/#\\\/schema\\\/logo\\\/image\\\/\"},\"sameAs\":[\"https:\\\/\\\/www.facebook.com\\\/groups\\\/195978027185234\"]}]}<\/script>\n<!-- \/ Yoast SEO plugin. -->","yoast_head_json":{"title":"Registry and Query System","description":"OurOffset Registry and Query System | A teljes nyilv\u00e1ntart\u00e1s egyben, lek\u00e9rdezhet\u0151 \u00e9s mobilbar\u00e1t fel\u00fclet\u00e9n is el\u00e9rhet\u0151...","robots":{"index":"index","follow":"follow","max-snippet":"max-snippet:-1","max-image-preview":"max-image-preview:large","max-video-preview":"max-video-preview:-1"},"canonical":"https:\/\/voluntaryregistry.com\/en\/registry-and-query-system\/","og_locale":"en_US","og_type":"article","og_title":"[:hu]Registry and Query System[:] - Voluntary Carbon Registry","og_description":"[:hu]OurOffset Registry and Query System | A teljes nyilv\u00e1ntart\u00e1s egyben, lek\u00e9rdezhet\u0151 \u00e9s mobilbar\u00e1t fel\u00fclet\u00e9n is el\u00e9rhet\u0151...[:]","og_url":"https:\/\/voluntaryregistry.com\/en\/registry-and-query-system\/","og_site_name":"Voluntary Carbon Registry","article_publisher":"https:\/\/www.facebook.com\/groups\/195978027185234","article_modified_time":"2025-10-09T23:22:04+00:00","og_image":[{"width":1200,"height":675,"url":"https:\/\/res.cloudinary.com\/voluntaryregistry\/images\/f_auto,q_auto:eco\/v1760051861\/ouroffset_reg_kep\/ouroffset_reg_kep.jpg?_i=AA","type":"image\/jpeg"}],"twitter_card":"summary_large_image","schema":{"@context":"https:\/\/schema.org","@graph":[{"@type":"WebPage","@id":"https:\/\/voluntaryregistry.com\/registry-and-query-system\/","url":"https:\/\/voluntaryregistry.com\/registry-and-query-system\/","name":"Registry and Query System","isPartOf":{"@id":"https:\/\/voluntaryregistry.com\/#website"},"datePublished":"2025-10-09T23:18:40+00:00","dateModified":"2025-10-09T23:22:04+00:00","description":"OurOffset Registry and Query System | A teljes nyilv\u00e1ntart\u00e1s egyben, lek\u00e9rdezhet\u0151 \u00e9s mobilbar\u00e1t fel\u00fclet\u00e9n is el\u00e9rhet\u0151...","breadcrumb":{"@id":"https:\/\/voluntaryregistry.com\/registry-and-query-system\/#breadcrumb"},"inLanguage":"en-US","potentialAction":[{"@type":"ReadAction","target":["https:\/\/voluntaryregistry.com\/registry-and-query-system\/"]}]},{"@type":"BreadcrumbList","@id":"https:\/\/voluntaryregistry.com\/registry-and-query-system\/#breadcrumb","itemListElement":[{"@type":"ListItem","position":1,"name":"Kezd\u0151lap","item":"https:\/\/voluntaryregistry.com\/en\/"},{"@type":"ListItem","position":2,"name":"Registry and Query System"}]},{"@type":"WebSite","@id":"https:\/\/voluntaryregistry.com\/#website","url":"https:\/\/voluntaryregistry.com\/","name":"Voluntary Carbon Registry","description":"OurOffset Registry's reliable and secure platform in partnership with iCC","publisher":{"@id":"https:\/\/voluntaryregistry.com\/#organization"},"potentialAction":[{"@type":"SearchAction","target":{"@type":"EntryPoint","urlTemplate":"https:\/\/voluntaryregistry.com\/?s={search_term_string}"},"query-input":{"@type":"PropertyValueSpecification","valueRequired":true,"valueName":"search_term_string"}}],"inLanguage":"en-US"},{"@type":"Organization","@id":"https:\/\/voluntaryregistry.com\/#organization","name":"OurOffset Nonprofit LLC.","url":"https:\/\/voluntaryregistry.com\/","logo":{"@type":"ImageObject","inLanguage":"en-US","@id":"https:\/\/voluntaryregistry.com\/#\/schema\/logo\/image\/","url":"https:\/\/res.cloudinary.com\/voluntaryregistry\/images\/c_scale,q_auto:eco,w_500\/f_auto,q_auto:eco\/v1627158303\/voluntary_registry\/voluntary_registry.png?_i=AA","contentUrl":"https:\/\/res.cloudinary.com\/voluntaryregistry\/images\/c_scale,q_auto:eco,w_500\/f_auto,q_auto:eco\/v1627158303\/voluntary_registry\/voluntary_registry.png?_i=AA","width":500,"height":114,"caption":"OurOffset Nonprofit LLC."},"image":{"@id":"https:\/\/voluntaryregistry.com\/#\/schema\/logo\/image\/"},"sameAs":["https:\/\/www.facebook.com\/groups\/195978027185234"]}]}},"_links":{"self":[{"href":"https:\/\/voluntaryregistry.com\/en\/wp-json\/wp\/v2\/pages\/1028163","targetHints":{"allow":["GET"]}}],"collection":[{"href":"https:\/\/voluntaryregistry.com\/en\/wp-json\/wp\/v2\/pages"}],"about":[{"href":"https:\/\/voluntaryregistry.com\/en\/wp-json\/wp\/v2\/types\/page"}],"author":[{"embeddable":true,"href":"https:\/\/voluntaryregistry.com\/en\/wp-json\/wp\/v2\/users\/1"}],"replies":[{"embeddable":true,"href":"https:\/\/voluntaryregistry.com\/en\/wp-json\/wp\/v2\/comments?post=1028163"}],"version-history":[{"count":5,"href":"https:\/\/voluntaryregistry.com\/en\/wp-json\/wp\/v2\/pages\/1028163\/revisions"}],"predecessor-version":[{"id":1028203,"href":"https:\/\/voluntaryregistry.com\/en\/wp-json\/wp\/v2\/pages\/1028163\/revisions\/1028203"}],"wp:attachment":[{"href":"https:\/\/voluntaryregistry.com\/en\/wp-json\/wp\/v2\/media?parent=1028163"}],"wp:term":[{"taxonomy":"category","embeddable":true,"href":"https:\/\/voluntaryregistry.com\/en\/wp-json\/wp\/v2\/categories?post=1028163"},{"taxonomy":"post_tag","embeddable":true,"href":"https:\/\/voluntaryregistry.com\/en\/wp-json\/wp\/v2\/tags?post=1028163"}],"curies":[{"name":"wp","href":"https:\/\/api.w.org\/{rel}","templated":true}]}}