{"id":277,"date":"2021-08-25T22:25:33","date_gmt":"2021-08-25T20:25:33","guid":{"rendered":"https:\/\/voluntaryregistry.com\/?page_id=277"},"modified":"2021-12-16T18:46:06","modified_gmt":"2021-12-16T17:46:06","slug":"a-zoldmosas-bunei","status":"publish","type":"page","link":"https:\/\/voluntaryregistry.com\/en\/a-zoldmosas-bunei\/","title":{"rendered":"Sins of Greenwashing"},"content":{"rendered":"<h2 style=\"text-align: justify;\"><span style=\"font-size: 14pt;\">Greenwashing is the act of misleading consumers regarding the environmental practices of a company or the environmental benefits of a product or service. <\/span><\/h2>\n<p style=\"text-align: justify;\">There are more green products than ever before, and our Sins of Greenwashing tips can help you sort out the truly green products from the not-so-green ones.<\/p>\n<p style=\"text-align: justify;\">In 2007, in an effort to describe, understand and quantify the growth of greenwashing, TerraChoice (acquired by UL), developed and launched a study of environmental claims made on products carried on category-leading big box store shelves. Based on the results of the original study and subsequent studies, the Seven Sins of Greenwashing were developed to help consumers identify products that made misleading environmental claims.<\/p>\n<p>Today, the Sins of Greenwashing remain a popular learning tool to help consumers evaluate sustainability claims. <a href=\"https:\/\/voluntaryregistry.com\/en\/kapcsolat\/\" target=\"_blank\" rel=\"noopener\"><strong>Contact us<\/strong><\/a>&#8230;<\/p>\n<h3>Sin of the hidden trade-off<\/h3>\n<p>A claim suggesting that a product is green based on a narrow set of attributes without attention to other important environmental issues. Paper, for example, is not necessarily environmentally preferable because it comes from a sustainably harvested forest. Other important environmental issues in the paper-making process, such as greenhouse gas emissions or chlorine use in bleaching, may be equally important.<\/p>\n<h3 style=\"text-align: justify;\">Sin of no proof<\/h3>\n<p style=\"text-align: justify;\">An environmental claim not substantiated by easily accessible supporting information or by a reliable third-party certification. Common examples are facial tissues or toilet tissue products that claim various percentages of post-consumer recycled content without providing evidence.<\/p>\n<h3 style=\"text-align: justify;\">Sin of vagueness<\/h3>\n<p style=\"text-align: justify;\">A claim that is so poorly defined or broad that its real meaning is likely to be misunderstood by the consumer. All-natural is an example. Arsenic, uranium, mercury, and formaldehyde are all naturally occurring, and poisonous. All natural isn\u2019t necessarily green.<\/p>\n<h3 style=\"text-align: justify;\">Sin of worshiping false labels<\/h3>\n<p style=\"text-align: justify;\">A product that, through either words or images, gives the impression of third-party endorsement where no such endorsement exists; fake labels, in other words.<\/p>\n<h3 style=\"text-align: justify;\">Sin of irrelevance<\/h3>\n<p style=\"text-align: justify;\">An environmental claim that may be truthful but is unimportant or unhelpful for consumers seeking environmentally preferable products. CFC-free is a common example, since it is a frequent claim despite the fact that CFCs (chlorofluorocarbons) are banned under the Montreal Protocol.<\/p>\n<h3 style=\"text-align: justify;\">Sin of lesser of two evils<\/h3>\n<p style=\"text-align: justify;\">A claim that may be true within the product category but that risks distracting the consumer from the greater environmental impacts of the category as a whole. Organic cigarettes or fuel-efficient sport-utility vehicles could be examples of this sin.<\/p>\n<h3 style=\"text-align: justify;\">Sin of fibbing<\/h3>\n<p style=\"text-align: justify;\">Environmental claims that are simply false. The most common examples are products falsely claiming to be ENERGY STAR\u00ae certified or registered.<\/p>\n<p style=\"text-align: right;\"><span style=\"font-size: 10pt;\">Source: <a href=\"https:\/\/www.ul.com\/insights\/sins-greenwashing\" target=\"_blank\" rel=\"noopener\">UL<\/a><\/span><\/p>\n","protected":false},"excerpt":{"rendered":"<p>Greenwashing is the act of misleading consumers regarding the environmental practices of a company or the environmental benefits of a product or service. There are more green products than ever before, and our Sins of Greenwashing tips can help you sort out the truly green products from the not-so-green ones. In 2007, in an effort to describe, understand and quantify the growth of greenwashing, TerraChoice (acquired by UL), developed and launched a study of environmental claims made on products carried on category-leading big box store shelves. Based on the results of the original study and subsequent studies, the Seven Sins of Greenwashing were developed to help consumers identify products that made misleading environmental claims. Today, the Sins of Greenwashing remain a popular learning tool to help consumers evaluate sustainability claims. Contact us&#8230; Sin of the hidden trade-off A claim suggesting that a product is green based on a narrow set of attributes without attention to other important environmental issues. Paper, for example, is not necessarily environmentally preferable because it comes from a sustainably harvested forest. Other important environmental issues in the paper-making process, such as greenhouse gas emissions or chlorine use in bleaching, may be equally important. Sin of no proof An environmental claim not substantiated by easily accessible supporting information or by a reliable third-party certification. Common examples are facial tissues or toilet tissue products that claim various percentages of post-consumer recycled content without providing evidence. Sin of vagueness A claim that is so poorly defined or broad that its real meaning is likely to be misunderstood by the consumer. All-natural is an example. Arsenic, uranium, mercury, and formaldehyde are all naturally occurring, and poisonous. All natural isn\u2019t necessarily green. Sin of worshiping false labels A product that, through either words or images, gives the impression of third-party endorsement where no such endorsement exists; fake labels, in other words. Sin of irrelevance An environmental claim that may be truthful but is unimportant or unhelpful for consumers seeking environmentally preferable products. CFC-free is a common example, since it is a frequent claim despite the fact that CFCs (chlorofluorocarbons) are banned under the Montreal Protocol. Sin of lesser of two evils A claim that may be true within the product category but that risks distracting the consumer from the greater environmental impacts of the category as a whole. Organic cigarettes or fuel-efficient sport-utility vehicles could be examples of this sin. Sin of fibbing Environmental claims that are simply false. The most common examples are products falsely claiming to be ENERGY STAR\u00ae certified or registered. Source: UL<\/p>\n","protected":false},"author":1,"featured_media":351,"parent":0,"menu_order":0,"comment_status":"closed","ping_status":"closed","template":"","meta":{"_cloudinary_featured_overwrite":false,"footnotes":""},"categories":[68],"tags":[63,67,61,65,64,66,62],"class_list":["post-277","page","type-page","status-publish","has-post-thumbnail","hentry","category-greenwashing","tag-bizonyitekok-nelkul","tag-fullentes","tag-greenwashing","tag-hamis-cimkek","tag-homalyossag","tag-kisebbik-rossz","tag-rejtett-kompromisszum"],"yoast_head":"<!-- This site is optimized with the Yoast SEO plugin v27.5 - https:\/\/yoast.com\/product\/yoast-seo-wordpress\/ -->\n<title>Sins of Greenwashing<\/title>\n<meta name=\"description\" content=\"Greenwashing is the act of misleading consumers regarding the environmental practices of a company or the environmental benefits of a ...\" \/>\n<meta name=\"robots\" content=\"index, follow, max-snippet:-1, max-image-preview:large, max-video-preview:-1\" \/>\n<link rel=\"canonical\" href=\"https:\/\/voluntaryregistry.com\/en\/a-zoldmosas-bunei\/\" \/>\n<meta property=\"og:locale\" content=\"en_US\" \/>\n<meta property=\"og:locale:alternate\" content=\"hu_HU\" \/>\n<meta property=\"og:locale:alternate\" content=\"ro_RO\" \/>\n<meta property=\"og:type\" content=\"article\" \/>\n<meta property=\"og:title\" content=\"Sins of Greenwashing\" \/>\n<meta property=\"og:description\" content=\"A z\u00f6ldmos\u00e1s (greenwashing) a fogyaszt\u00f3k megt\u00e9veszt\u00e9se egy v\u00e1llalat k\u00f6rnyezetv\u00e9delmi gyakorlat\u00e1val vagy egy term\u00e9k vagy szolg\u00e1ltat\u00e1s ...\" \/>\n<meta property=\"og:url\" content=\"https:\/\/voluntaryregistry.com\/en\/a-zoldmosas-bunei\/\" \/>\n<meta property=\"og:site_name\" content=\"Voluntary Carbon Registry\" \/>\n<meta property=\"article:publisher\" content=\"https:\/\/www.facebook.com\/groups\/195978027185234\" \/>\n<meta property=\"article:modified_time\" content=\"2021-12-16T17:46:06+00:00\" \/>\n<meta property=\"og:image\" content=\"https:\/\/res.cloudinary.com\/voluntaryregistry\/images\/q_auto:eco\/v1639676510\/img\/img-jpg?_i=AA\" \/>\n\t<meta property=\"og:image:width\" content=\"1245\" \/>\n\t<meta property=\"og:image:height\" content=\"700\" \/>\n\t<meta property=\"og:image:type\" content=\"image\/jpeg\" \/>\n<meta name=\"twitter:card\" content=\"summary_large_image\" \/>\n<meta name=\"twitter:label1\" content=\"Est. reading time\" \/>\n\t<meta name=\"twitter:data1\" content=\"3 minutes\" \/>\n<script type=\"application\/ld+json\" class=\"yoast-schema-graph\">{\"@context\":\"https:\\\/\\\/schema.org\",\"@graph\":[{\"@type\":\"WebPage\",\"@id\":\"https:\\\/\\\/voluntaryregistry.com\\\/ro\\\/a-zoldmosas-bunei\\\/\",\"url\":\"https:\\\/\\\/voluntaryregistry.com\\\/ro\\\/a-zoldmosas-bunei\\\/\",\"name\":\"Sins of Greenwashing\",\"isPartOf\":{\"@id\":\"https:\\\/\\\/voluntaryregistry.com\\\/#website\"},\"primaryImageOfPage\":{\"@id\":\"https:\\\/\\\/voluntaryregistry.com\\\/ro\\\/a-zoldmosas-bunei\\\/#primaryimage\"},\"image\":{\"@id\":\"https:\\\/\\\/voluntaryregistry.com\\\/ro\\\/a-zoldmosas-bunei\\\/#primaryimage\"},\"thumbnailUrl\":\"https:\\\/\\\/res.cloudinary.com\\\/voluntaryregistry\\\/images\\\/q_auto:eco\\\/f_auto,q_auto:eco\\\/v1639676510\\\/img\\\/img.jpg?_i=AA\",\"datePublished\":\"2021-08-25T20:25:33+00:00\",\"dateModified\":\"2021-12-16T17:46:06+00:00\",\"description\":\"A z\u00f6ldmos\u00e1s (greenwashing) a fogyaszt\u00f3k megt\u00e9veszt\u00e9se egy v\u00e1llalat k\u00f6rnyezetv\u00e9delmi gyakorlat\u00e1val vagy egy term\u00e9k vagy szolg\u00e1ltat\u00e1s ...\",\"breadcrumb\":{\"@id\":\"https:\\\/\\\/voluntaryregistry.com\\\/ro\\\/a-zoldmosas-bunei\\\/#breadcrumb\"},\"inLanguage\":\"en-US\",\"potentialAction\":[{\"@type\":\"ReadAction\",\"target\":[\"https:\\\/\\\/voluntaryregistry.com\\\/ro\\\/a-zoldmosas-bunei\\\/\"]}]},{\"@type\":\"ImageObject\",\"inLanguage\":\"en-US\",\"@id\":\"https:\\\/\\\/voluntaryregistry.com\\\/ro\\\/a-zoldmosas-bunei\\\/#primaryimage\",\"url\":\"https:\\\/\\\/res.cloudinary.com\\\/voluntaryregistry\\\/images\\\/q_auto:eco\\\/f_auto,q_auto:eco\\\/v1639676510\\\/img\\\/img.jpg?_i=AA\",\"contentUrl\":\"https:\\\/\\\/res.cloudinary.com\\\/voluntaryregistry\\\/images\\\/q_auto:eco\\\/f_auto,q_auto:eco\\\/v1639676510\\\/img\\\/img.jpg?_i=AA\",\"width\":1245,\"height\":700,\"caption\":\"A z\u00f6ldmos\u00e1s b\u0171nei\"},{\"@type\":\"BreadcrumbList\",\"@id\":\"https:\\\/\\\/voluntaryregistry.com\\\/ro\\\/a-zoldmosas-bunei\\\/#breadcrumb\",\"itemListElement\":[{\"@type\":\"ListItem\",\"position\":1,\"name\":\"Kezd\u0151lap\",\"item\":\"https:\\\/\\\/voluntaryregistry.com\\\/en\\\/\"},{\"@type\":\"ListItem\",\"position\":2,\"name\":\"P\u0103catele sp\u0103l\u0103rii verzi\"}]},{\"@type\":\"WebSite\",\"@id\":\"https:\\\/\\\/voluntaryregistry.com\\\/#website\",\"url\":\"https:\\\/\\\/voluntaryregistry.com\\\/\",\"name\":\"Voluntary Carbon Registry\",\"description\":\"OurOffset Registry's reliable and secure platform in partnership with iCC\",\"publisher\":{\"@id\":\"https:\\\/\\\/voluntaryregistry.com\\\/#organization\"},\"potentialAction\":[{\"@type\":\"SearchAction\",\"target\":{\"@type\":\"EntryPoint\",\"urlTemplate\":\"https:\\\/\\\/voluntaryregistry.com\\\/?s={search_term_string}\"},\"query-input\":{\"@type\":\"PropertyValueSpecification\",\"valueRequired\":true,\"valueName\":\"search_term_string\"}}],\"inLanguage\":\"en-US\"},{\"@type\":\"Organization\",\"@id\":\"https:\\\/\\\/voluntaryregistry.com\\\/#organization\",\"name\":\"OurOffset Nonprofit LLC.\",\"url\":\"https:\\\/\\\/voluntaryregistry.com\\\/\",\"logo\":{\"@type\":\"ImageObject\",\"inLanguage\":\"en-US\",\"@id\":\"https:\\\/\\\/voluntaryregistry.com\\\/#\\\/schema\\\/logo\\\/image\\\/\",\"url\":\"https:\\\/\\\/res.cloudinary.com\\\/voluntaryregistry\\\/images\\\/c_scale,q_auto:eco,w_500\\\/f_auto,q_auto:eco\\\/v1627158303\\\/voluntary_registry\\\/voluntary_registry.png?_i=AA\",\"contentUrl\":\"https:\\\/\\\/res.cloudinary.com\\\/voluntaryregistry\\\/images\\\/c_scale,q_auto:eco,w_500\\\/f_auto,q_auto:eco\\\/v1627158303\\\/voluntary_registry\\\/voluntary_registry.png?_i=AA\",\"width\":500,\"height\":114,\"caption\":\"OurOffset Nonprofit LLC.\"},\"image\":{\"@id\":\"https:\\\/\\\/voluntaryregistry.com\\\/#\\\/schema\\\/logo\\\/image\\\/\"},\"sameAs\":[\"https:\\\/\\\/www.facebook.com\\\/groups\\\/195978027185234\"]}]}<\/script>\n<!-- \/ Yoast SEO plugin. -->","yoast_head_json":{"title":"Sins of Greenwashing","description":"Greenwashing is the act of misleading consumers regarding the environmental practices of a company or the environmental benefits of a ...","robots":{"index":"index","follow":"follow","max-snippet":"max-snippet:-1","max-image-preview":"max-image-preview:large","max-video-preview":"max-video-preview:-1"},"canonical":"https:\/\/voluntaryregistry.com\/en\/a-zoldmosas-bunei\/","og_locale":"en_US","og_type":"article","og_title":"[:en]Sins of Greenwashing[:hu]A z\u00f6ldmos\u00e1s b\u0171nei[:ro]P\u0103catele sp\u0103l\u0103rii verzi[:] - Voluntary Carbon Registry","og_description":"A z\u00f6ldmos\u00e1s (greenwashing) a fogyaszt\u00f3k megt\u00e9veszt\u00e9se egy v\u00e1llalat k\u00f6rnyezetv\u00e9delmi gyakorlat\u00e1val vagy egy term\u00e9k vagy szolg\u00e1ltat\u00e1s ...","og_url":"https:\/\/voluntaryregistry.com\/en\/a-zoldmosas-bunei\/","og_site_name":"Voluntary Carbon Registry","article_publisher":"https:\/\/www.facebook.com\/groups\/195978027185234","article_modified_time":"2021-12-16T17:46:06+00:00","og_image":[{"width":1245,"height":700,"url":"https:\/\/res.cloudinary.com\/voluntaryregistry\/images\/q_auto:eco\/v1639676510\/img\/img-jpg?_i=AA","type":"image\/jpeg"}],"twitter_card":"summary_large_image","twitter_misc":{"Est. reading time":"3 minutes"},"schema":{"@context":"https:\/\/schema.org","@graph":[{"@type":"WebPage","@id":"https:\/\/voluntaryregistry.com\/ro\/a-zoldmosas-bunei\/","url":"https:\/\/voluntaryregistry.com\/ro\/a-zoldmosas-bunei\/","name":"Sins of Greenwashing","isPartOf":{"@id":"https:\/\/voluntaryregistry.com\/#website"},"primaryImageOfPage":{"@id":"https:\/\/voluntaryregistry.com\/ro\/a-zoldmosas-bunei\/#primaryimage"},"image":{"@id":"https:\/\/voluntaryregistry.com\/ro\/a-zoldmosas-bunei\/#primaryimage"},"thumbnailUrl":"https:\/\/res.cloudinary.com\/voluntaryregistry\/images\/q_auto:eco\/f_auto,q_auto:eco\/v1639676510\/img\/img.jpg?_i=AA","datePublished":"2021-08-25T20:25:33+00:00","dateModified":"2021-12-16T17:46:06+00:00","description":"A z\u00f6ldmos\u00e1s (greenwashing) a fogyaszt\u00f3k megt\u00e9veszt\u00e9se egy v\u00e1llalat k\u00f6rnyezetv\u00e9delmi gyakorlat\u00e1val vagy egy term\u00e9k vagy szolg\u00e1ltat\u00e1s ...","breadcrumb":{"@id":"https:\/\/voluntaryregistry.com\/ro\/a-zoldmosas-bunei\/#breadcrumb"},"inLanguage":"en-US","potentialAction":[{"@type":"ReadAction","target":["https:\/\/voluntaryregistry.com\/ro\/a-zoldmosas-bunei\/"]}]},{"@type":"ImageObject","inLanguage":"en-US","@id":"https:\/\/voluntaryregistry.com\/ro\/a-zoldmosas-bunei\/#primaryimage","url":"https:\/\/res.cloudinary.com\/voluntaryregistry\/images\/q_auto:eco\/f_auto,q_auto:eco\/v1639676510\/img\/img.jpg?_i=AA","contentUrl":"https:\/\/res.cloudinary.com\/voluntaryregistry\/images\/q_auto:eco\/f_auto,q_auto:eco\/v1639676510\/img\/img.jpg?_i=AA","width":1245,"height":700,"caption":"A z\u00f6ldmos\u00e1s b\u0171nei"},{"@type":"BreadcrumbList","@id":"https:\/\/voluntaryregistry.com\/ro\/a-zoldmosas-bunei\/#breadcrumb","itemListElement":[{"@type":"ListItem","position":1,"name":"Kezd\u0151lap","item":"https:\/\/voluntaryregistry.com\/en\/"},{"@type":"ListItem","position":2,"name":"P\u0103catele sp\u0103l\u0103rii verzi"}]},{"@type":"WebSite","@id":"https:\/\/voluntaryregistry.com\/#website","url":"https:\/\/voluntaryregistry.com\/","name":"Voluntary Carbon Registry","description":"OurOffset Registry's reliable and secure platform in partnership with iCC","publisher":{"@id":"https:\/\/voluntaryregistry.com\/#organization"},"potentialAction":[{"@type":"SearchAction","target":{"@type":"EntryPoint","urlTemplate":"https:\/\/voluntaryregistry.com\/?s={search_term_string}"},"query-input":{"@type":"PropertyValueSpecification","valueRequired":true,"valueName":"search_term_string"}}],"inLanguage":"en-US"},{"@type":"Organization","@id":"https:\/\/voluntaryregistry.com\/#organization","name":"OurOffset Nonprofit LLC.","url":"https:\/\/voluntaryregistry.com\/","logo":{"@type":"ImageObject","inLanguage":"en-US","@id":"https:\/\/voluntaryregistry.com\/#\/schema\/logo\/image\/","url":"https:\/\/res.cloudinary.com\/voluntaryregistry\/images\/c_scale,q_auto:eco,w_500\/f_auto,q_auto:eco\/v1627158303\/voluntary_registry\/voluntary_registry.png?_i=AA","contentUrl":"https:\/\/res.cloudinary.com\/voluntaryregistry\/images\/c_scale,q_auto:eco,w_500\/f_auto,q_auto:eco\/v1627158303\/voluntary_registry\/voluntary_registry.png?_i=AA","width":500,"height":114,"caption":"OurOffset Nonprofit LLC."},"image":{"@id":"https:\/\/voluntaryregistry.com\/#\/schema\/logo\/image\/"},"sameAs":["https:\/\/www.facebook.com\/groups\/195978027185234"]}]}},"_links":{"self":[{"href":"https:\/\/voluntaryregistry.com\/en\/wp-json\/wp\/v2\/pages\/277","targetHints":{"allow":["GET"]}}],"collection":[{"href":"https:\/\/voluntaryregistry.com\/en\/wp-json\/wp\/v2\/pages"}],"about":[{"href":"https:\/\/voluntaryregistry.com\/en\/wp-json\/wp\/v2\/types\/page"}],"author":[{"embeddable":true,"href":"https:\/\/voluntaryregistry.com\/en\/wp-json\/wp\/v2\/users\/1"}],"replies":[{"embeddable":true,"href":"https:\/\/voluntaryregistry.com\/en\/wp-json\/wp\/v2\/comments?post=277"}],"version-history":[{"count":0,"href":"https:\/\/voluntaryregistry.com\/en\/wp-json\/wp\/v2\/pages\/277\/revisions"}],"wp:featuredmedia":[{"embeddable":true,"href":"https:\/\/voluntaryregistry.com\/en\/wp-json\/wp\/v2\/media\/351"}],"wp:attachment":[{"href":"https:\/\/voluntaryregistry.com\/en\/wp-json\/wp\/v2\/media?parent=277"}],"wp:term":[{"taxonomy":"category","embeddable":true,"href":"https:\/\/voluntaryregistry.com\/en\/wp-json\/wp\/v2\/categories?post=277"},{"taxonomy":"post_tag","embeddable":true,"href":"https:\/\/voluntaryregistry.com\/en\/wp-json\/wp\/v2\/tags?post=277"}],"curies":[{"name":"wp","href":"https:\/\/api.w.org\/{rel}","templated":true}]}}