{"id":38,"date":"2021-07-24T19:46:48","date_gmt":"2021-07-24T17:46:48","guid":{"rendered":"http:\/\/voluntaryregistry.com\/?page_id=38"},"modified":"2023-05-23T17:59:23","modified_gmt":"2023-05-23T15:59:23","slug":"kapcsolat","status":"publish","type":"page","link":"https:\/\/voluntaryregistry.com\/en\/kapcsolat\/","title":{"rendered":"Contact"},"content":{"rendered":"<p><strong>Company name:<\/strong> OurOffset Nonprofit LLC.<br \/>\n<strong>Postal address \/ Office:<\/strong> 1126 Budapest, Fodor u. 13\/a. Hungary<br \/>\n<strong>Address:<\/strong> 9600 S\u00e1rv\u00e1r, Alkotm\u00e1ny u. 69. 1. em. 8.<br \/>\n<strong>VAT number:<\/strong> HU26796123<br \/>\n<strong>Company Register No.:<\/strong> 18-09-114028<br \/>\n<strong>EUID:<\/strong>\u00a0HUOCCSZ. 18-09-114028<br \/>\n<strong>Telefon number:<\/strong> +36 1 227 3846<br \/>\n<strong>Mobil:<\/strong> +36 30 070 8900<br \/>\n<strong>Email:<\/strong> office(@)voluntaryregistry.com<\/p>\n<p>Webmail:<br \/>\n\n\n<!-- Fast Secure Contact Form plugin 4.0.57 - begin - FastSecureContactForm.com -->\r\n<div style=\"clear:both;\"><\/div>\n<p>We welcome your comments and questions.<\/p>\r\n<div id=\"FSContact2\" style=\"width:99%; max-width:555px;\">\r\n<form action=\"https:\/\/voluntaryregistry.com\/en\/wp-json\/wp\/v2\/pages\/38#FSContact2\" id=\"fscf_form2\" method=\"post\">\r\n\n<div id=\"fscf_required2\">\n  <span style=\"text-align:left;\">*<\/span> <span style=\"text-align:left;\">indicates required field<\/span>\n<\/div>\n\n\n<div id=\"fscf_div_clear2_0\" style=\"clear:both;\">\n  <div id=\"fscf_div_field2_0\" style=\"clear:left; float:left; width:99%; max-width:550px; margin-right:10px;\">\r\n    <div style=\"text-align:left; padding-top:5px;\">\n      <label style=\"text-align:left;\" for=\"fscf_name2\">Name:<span style=\"text-align:left;\">*<\/span><\/label>\n    <\/div>\r\n    <div style=\"text-align:left;\">\r\n      <input style=\"text-align:left; margin:0; width:99%; max-width:250px;\" type=\"text\" id=\"fscf_name2\" name=\"full_name\" value=\"\"  readonly=\"readonly\" \/>\r\n    <\/div>\r\n  <\/div>\n<\/div>\n\n<div id=\"fscf_div_clear2_1\" style=\"clear:both;\">\n  <div id=\"fscf_div_field2_1\" style=\"clear:left; float:left; width:99%; max-width:550px; margin-right:10px;\">\n    <div style=\"text-align:left; padding-top:5px;\">\n      <label style=\"text-align:left;\" for=\"fscf_email2\">Email:<span style=\"text-align:left;\">*<\/span><\/label>\n    <\/div>\n    <div style=\"text-align:left;\">\n      <input style=\"text-align:left; margin:0; width:99%; max-width:250px;\" type=\"text\" id=\"fscf_email2\" name=\"email\" value=\"\"  readonly=\"readonly\" \/>\n    <\/div>\n  <\/div>\n<\/div>\n\n<div id=\"fscf_div_clear2_2\" style=\"clear:both;\">\n  <div id=\"fscf_div_field2_2\" style=\"clear:left; float:left; width:99%; max-width:550px; margin-right:10px;\">\n    <div style=\"text-align:left; padding-top:5px;\">\n      <label style=\"text-align:left;\" for=\"fscf_field2_2\">Subject:<span style=\"text-align:left;\">*<\/span><\/label>\n    <\/div>\n    <div style=\"text-align:left;\">\n      <input style=\"text-align:left; margin:0; width:99%; max-width:250px;\" type=\"text\" id=\"fscf_field2_2\" name=\"subject\" value=\"\"  \/>\n    <\/div>\n  <\/div>\n<\/div>\n\n<div id=\"fscf_div_clear2_3\" style=\"clear:both;\">\n  <div id=\"fscf_div_field2_3\" style=\"clear:left; float:left; width:99%; max-width:550px; margin-right:10px;\">\n    <div style=\"text-align:left; padding-top:5px;\">\n      <label style=\"text-align:left;\" for=\"fscf_field2_3\">Message:<span style=\"text-align:left;\">*<\/span><\/label>\n    <\/div>\n    <div style=\"text-align:left;\">\n      <textarea style=\"text-align:left; margin:0; width:99%; max-width:350px; height:120px;\" id=\"fscf_field2_3\" name=\"message\" cols=\"30\" rows=\"10\" ><\/textarea>\n    <\/div>\n  <\/div>\n<\/div>\r\n<div style=\"clear:both;\"><\/div>\n        \r\n<div style=\"display:none;\">\r\n     <label for=\"fax2\"><small>Leave this field empty<\/small><\/label>\r\n     <input type=\"text\" name=\"fax\" id=\"fax2\" value=\"\" \/>\r\n<\/div>\r\n\n<div id=\"fscf_submit_div2\" style=\"text-align:left; clear:both; padding-top:15px;\">\r\n\t\t<input type=\"submit\" id=\"fscf_submit2\" style=\"cursor:pointer; margin:0;\" value=\"Submit\"  onclick=\"this.disabled=true; this.value='Submitting...'; this.form.submit();\" \/> \n<\/div>\n\n<input type=\"hidden\" name=\"fscf_submitted\" value=\"0\" \/>\n<input type=\"hidden\" name=\"fs_postonce_2\" value=\"6cedfccc2a9149cd99a5eed58c6fab18,1776389159\" \/>\n<input type=\"hidden\" name=\"si_contact_action\" value=\"send\" \/>\n<input type=\"hidden\" name=\"form_id\" value=\"2\" \/>\n<input type=\"hidden\" name=\"mailto_id\" value=\"1\" \/>\n\n<\/form>\n<\/div>\r\n<div style=\"clear:both;\"><\/div>\n\n<!-- Fast Secure Contact Form plugin 4.0.57 - end - FastSecureContactForm.com -->\n<\/p>\n","protected":false},"excerpt":{"rendered":"<p>Company name: OurOffset Nonprofit LLC. Postal address \/ Office: 1126 Budapest, Fodor u. 13\/a. Hungary Address: 9600 S\u00e1rv\u00e1r, Alkotm\u00e1ny u. 69. 1. em. 8. VAT number: HU26796123 Company Register No.: 18-09-114028 EUID:\u00a0HUOCCSZ. 18-09-114028 Telefon number: +36 1 227 3846 Mobil: +36 30 070 8900 Email: office(@)voluntaryregistry.com Webmail:<\/p>\n","protected":false},"author":1,"featured_media":147,"parent":0,"menu_order":4,"comment_status":"closed","ping_status":"closed","template":"","meta":{"_cloudinary_featured_overwrite":false,"footnotes":""},"categories":[1],"tags":[],"class_list":["post-38","page","type-page","status-publish","has-post-thumbnail","hentry","category-voluntary-carbon-registry"],"yoast_head":"<!-- This site is optimized with the Yoast SEO plugin v27.4 - https:\/\/yoast.com\/product\/yoast-seo-wordpress\/ -->\n<title>Contact<\/title>\n<meta name=\"description\" content=\"Contact: Postal address \/ Office: 1126 Budapest, Fodor u. 13\/a. Hungary | Telefon number: +36 1 227 3846 | Mobil: +36 30 070 8900\" \/>\n<meta name=\"robots\" content=\"index, follow, max-snippet:-1, max-image-preview:large, max-video-preview:-1\" \/>\n<link rel=\"canonical\" href=\"https:\/\/voluntaryregistry.com\/en\/kapcsolat\/\" \/>\n<meta property=\"og:locale\" content=\"en_US\" \/>\n<meta property=\"og:locale:alternate\" content=\"hu_HU\" \/>\n<meta property=\"og:locale:alternate\" content=\"ro_RO\" \/>\n<meta property=\"og:type\" content=\"article\" \/>\n<meta property=\"og:title\" content=\"Contact\" \/>\n<meta property=\"og:description\" content=\"Contact: Postal address \/ Office: 1126 Budapest, Fodor u. 13\/a. Hungary | Telefon number: +36 1 227 3846 | Mobil: +36 30 070 8900\" \/>\n<meta property=\"og:url\" content=\"https:\/\/voluntaryregistry.com\/en\/kapcsolat\/\" \/>\n<meta property=\"og:site_name\" content=\"Voluntary Carbon Registry\" \/>\n<meta property=\"article:publisher\" content=\"https:\/\/www.facebook.com\/groups\/195978027185234\" \/>\n<meta property=\"article:modified_time\" content=\"2023-05-23T15:59:23+00:00\" \/>\n<meta property=\"og:image\" content=\"https:\/\/res.cloudinary.com\/voluntaryregistry\/images\/q_auto:eco\/f_auto,q_auto:eco\/v1627205086\/Contact_Us_ok\/Contact_Us_ok.jpg?_i=AA\" \/>\n\t<meta property=\"og:image:width\" content=\"760\" \/>\n\t<meta property=\"og:image:height\" content=\"439\" \/>\n\t<meta property=\"og:image:type\" content=\"image\/jpeg\" \/>\n<meta name=\"twitter:card\" content=\"summary_large_image\" \/>\n<meta name=\"twitter:label1\" content=\"Est. reading time\" \/>\n\t<meta name=\"twitter:data1\" content=\"1 minute\" \/>\n<script type=\"application\/ld+json\" class=\"yoast-schema-graph\">{\"@context\":\"https:\\\/\\\/schema.org\",\"@graph\":[{\"@type\":\"WebPage\",\"@id\":\"https:\\\/\\\/voluntaryregistry.com\\\/ro\\\/kapcsolat\\\/\",\"url\":\"https:\\\/\\\/voluntaryregistry.com\\\/ro\\\/kapcsolat\\\/\",\"name\":\"Contact\",\"isPartOf\":{\"@id\":\"https:\\\/\\\/voluntaryregistry.com\\\/#website\"},\"primaryImageOfPage\":{\"@id\":\"https:\\\/\\\/voluntaryregistry.com\\\/ro\\\/kapcsolat\\\/#primaryimage\"},\"image\":{\"@id\":\"https:\\\/\\\/voluntaryregistry.com\\\/ro\\\/kapcsolat\\\/#primaryimage\"},\"thumbnailUrl\":\"https:\\\/\\\/res.cloudinary.com\\\/voluntaryregistry\\\/images\\\/q_auto:eco\\\/f_auto,q_auto:eco\\\/v1627205086\\\/Contact_Us_ok\\\/Contact_Us_ok.jpg?_i=AA\",\"datePublished\":\"2021-07-24T17:46:48+00:00\",\"dateModified\":\"2023-05-23T15:59:23+00:00\",\"description\":\"Contact: Postal address \\\/ Office: 1126 Budapest, Fodor u. 13\\\/a. Hungary | Telefon number: +36 1 227 3846 | Mobil: +36 30 070 8900\",\"breadcrumb\":{\"@id\":\"https:\\\/\\\/voluntaryregistry.com\\\/ro\\\/kapcsolat\\\/#breadcrumb\"},\"inLanguage\":\"en-US\",\"potentialAction\":[{\"@type\":\"ReadAction\",\"target\":[\"https:\\\/\\\/voluntaryregistry.com\\\/ro\\\/kapcsolat\\\/\"]}]},{\"@type\":\"ImageObject\",\"inLanguage\":\"en-US\",\"@id\":\"https:\\\/\\\/voluntaryregistry.com\\\/ro\\\/kapcsolat\\\/#primaryimage\",\"url\":\"https:\\\/\\\/res.cloudinary.com\\\/voluntaryregistry\\\/images\\\/q_auto:eco\\\/f_auto,q_auto:eco\\\/v1627205086\\\/Contact_Us_ok\\\/Contact_Us_ok.jpg?_i=AA\",\"contentUrl\":\"https:\\\/\\\/res.cloudinary.com\\\/voluntaryregistry\\\/images\\\/q_auto:eco\\\/f_auto,q_auto:eco\\\/v1627205086\\\/Contact_Us_ok\\\/Contact_Us_ok.jpg?_i=AA\",\"width\":760,\"height\":439,\"caption\":\"Vpluntary Carbon Registry - Kapcsolat\"},{\"@type\":\"BreadcrumbList\",\"@id\":\"https:\\\/\\\/voluntaryregistry.com\\\/ro\\\/kapcsolat\\\/#breadcrumb\",\"itemListElement\":[{\"@type\":\"ListItem\",\"position\":1,\"name\":\"Kezd\u0151lap\",\"item\":\"https:\\\/\\\/voluntaryregistry.com\\\/en\\\/\"},{\"@type\":\"ListItem\",\"position\":2,\"name\":\"Contacta\u021bi\"}]},{\"@type\":\"WebSite\",\"@id\":\"https:\\\/\\\/voluntaryregistry.com\\\/#website\",\"url\":\"https:\\\/\\\/voluntaryregistry.com\\\/\",\"name\":\"Voluntary Carbon Registry\",\"description\":\"OurOffset Registry's reliable and secure platform in partnership with iCC\",\"publisher\":{\"@id\":\"https:\\\/\\\/voluntaryregistry.com\\\/#organization\"},\"potentialAction\":[{\"@type\":\"SearchAction\",\"target\":{\"@type\":\"EntryPoint\",\"urlTemplate\":\"https:\\\/\\\/voluntaryregistry.com\\\/?s={search_term_string}\"},\"query-input\":{\"@type\":\"PropertyValueSpecification\",\"valueRequired\":true,\"valueName\":\"search_term_string\"}}],\"inLanguage\":\"en-US\"},{\"@type\":\"Organization\",\"@id\":\"https:\\\/\\\/voluntaryregistry.com\\\/#organization\",\"name\":\"OurOffset Nonprofit LLC.\",\"url\":\"https:\\\/\\\/voluntaryregistry.com\\\/\",\"logo\":{\"@type\":\"ImageObject\",\"inLanguage\":\"en-US\",\"@id\":\"https:\\\/\\\/voluntaryregistry.com\\\/#\\\/schema\\\/logo\\\/image\\\/\",\"url\":\"https:\\\/\\\/res.cloudinary.com\\\/voluntaryregistry\\\/images\\\/c_scale,q_auto:eco,w_500\\\/f_auto,q_auto:eco\\\/v1627158303\\\/voluntary_registry\\\/voluntary_registry.png?_i=AA\",\"contentUrl\":\"https:\\\/\\\/res.cloudinary.com\\\/voluntaryregistry\\\/images\\\/c_scale,q_auto:eco,w_500\\\/f_auto,q_auto:eco\\\/v1627158303\\\/voluntary_registry\\\/voluntary_registry.png?_i=AA\",\"width\":500,\"height\":114,\"caption\":\"OurOffset Nonprofit LLC.\"},\"image\":{\"@id\":\"https:\\\/\\\/voluntaryregistry.com\\\/#\\\/schema\\\/logo\\\/image\\\/\"},\"sameAs\":[\"https:\\\/\\\/www.facebook.com\\\/groups\\\/195978027185234\"]}]}<\/script>\n<!-- \/ Yoast SEO plugin. -->","yoast_head_json":{"title":"Contact","description":"Contact: Postal address \/ Office: 1126 Budapest, Fodor u. 13\/a. Hungary | Telefon number: +36 1 227 3846 | Mobil: +36 30 070 8900","robots":{"index":"index","follow":"follow","max-snippet":"max-snippet:-1","max-image-preview":"max-image-preview:large","max-video-preview":"max-video-preview:-1"},"canonical":"https:\/\/voluntaryregistry.com\/en\/kapcsolat\/","og_locale":"en_US","og_type":"article","og_title":"[:en]Contact[:hu]Kapcsolat[:ro]Contacta\u021bi[:] - Voluntary Carbon Registry | OurOffset Nonprofit LLC","og_description":"[:en]Contact: Postal address \/ Office: 1126 Budapest, Fodor u. 13\/a. Hungary | Telefon number: +36 1 227 3846 | Mobil: +36 30 070 8900[:hu]Telefonsz\u00e1m: +36 30 9270 951 | Email: office(@)voluntaryregistry.com | Kapcsolat felv\u00e9telhez haszn\u00e1lja az azonnali lev\u00e9lk\u00fcld\u0151 rendszer\u00fcnket.[:ro]Contacta\u021bi: Numele: Attila DEMETER | Functia: Directorul zonal Romania | E-mail: ademeter(@)carbonfootprint.cfTelefon number: +40 722325445[:]","og_url":"https:\/\/voluntaryregistry.com\/en\/kapcsolat\/","og_site_name":"Voluntary Carbon Registry","article_publisher":"https:\/\/www.facebook.com\/groups\/195978027185234","article_modified_time":"2023-05-23T15:59:23+00:00","og_image":[{"width":760,"height":439,"url":"https:\/\/res.cloudinary.com\/voluntaryregistry\/images\/q_auto:eco\/f_auto,q_auto:eco\/v1627205086\/Contact_Us_ok\/Contact_Us_ok.jpg?_i=AA","type":"image\/jpeg"}],"twitter_card":"summary_large_image","twitter_misc":{"Est. reading time":"1 minute"},"schema":{"@context":"https:\/\/schema.org","@graph":[{"@type":"WebPage","@id":"https:\/\/voluntaryregistry.com\/ro\/kapcsolat\/","url":"https:\/\/voluntaryregistry.com\/ro\/kapcsolat\/","name":"Contact","isPartOf":{"@id":"https:\/\/voluntaryregistry.com\/#website"},"primaryImageOfPage":{"@id":"https:\/\/voluntaryregistry.com\/ro\/kapcsolat\/#primaryimage"},"image":{"@id":"https:\/\/voluntaryregistry.com\/ro\/kapcsolat\/#primaryimage"},"thumbnailUrl":"https:\/\/res.cloudinary.com\/voluntaryregistry\/images\/q_auto:eco\/f_auto,q_auto:eco\/v1627205086\/Contact_Us_ok\/Contact_Us_ok.jpg?_i=AA","datePublished":"2021-07-24T17:46:48+00:00","dateModified":"2023-05-23T15:59:23+00:00","description":"Contact: Postal address \/ Office: 1126 Budapest, Fodor u. 13\/a. Hungary | Telefon number: +36 1 227 3846 | Mobil: +36 30 070 8900","breadcrumb":{"@id":"https:\/\/voluntaryregistry.com\/ro\/kapcsolat\/#breadcrumb"},"inLanguage":"en-US","potentialAction":[{"@type":"ReadAction","target":["https:\/\/voluntaryregistry.com\/ro\/kapcsolat\/"]}]},{"@type":"ImageObject","inLanguage":"en-US","@id":"https:\/\/voluntaryregistry.com\/ro\/kapcsolat\/#primaryimage","url":"https:\/\/res.cloudinary.com\/voluntaryregistry\/images\/q_auto:eco\/f_auto,q_auto:eco\/v1627205086\/Contact_Us_ok\/Contact_Us_ok.jpg?_i=AA","contentUrl":"https:\/\/res.cloudinary.com\/voluntaryregistry\/images\/q_auto:eco\/f_auto,q_auto:eco\/v1627205086\/Contact_Us_ok\/Contact_Us_ok.jpg?_i=AA","width":760,"height":439,"caption":"Vpluntary Carbon Registry - Kapcsolat"},{"@type":"BreadcrumbList","@id":"https:\/\/voluntaryregistry.com\/ro\/kapcsolat\/#breadcrumb","itemListElement":[{"@type":"ListItem","position":1,"name":"Kezd\u0151lap","item":"https:\/\/voluntaryregistry.com\/en\/"},{"@type":"ListItem","position":2,"name":"Contacta\u021bi"}]},{"@type":"WebSite","@id":"https:\/\/voluntaryregistry.com\/#website","url":"https:\/\/voluntaryregistry.com\/","name":"Voluntary Carbon Registry","description":"OurOffset Registry's reliable and secure platform in partnership with iCC","publisher":{"@id":"https:\/\/voluntaryregistry.com\/#organization"},"potentialAction":[{"@type":"SearchAction","target":{"@type":"EntryPoint","urlTemplate":"https:\/\/voluntaryregistry.com\/?s={search_term_string}"},"query-input":{"@type":"PropertyValueSpecification","valueRequired":true,"valueName":"search_term_string"}}],"inLanguage":"en-US"},{"@type":"Organization","@id":"https:\/\/voluntaryregistry.com\/#organization","name":"OurOffset Nonprofit LLC.","url":"https:\/\/voluntaryregistry.com\/","logo":{"@type":"ImageObject","inLanguage":"en-US","@id":"https:\/\/voluntaryregistry.com\/#\/schema\/logo\/image\/","url":"https:\/\/res.cloudinary.com\/voluntaryregistry\/images\/c_scale,q_auto:eco,w_500\/f_auto,q_auto:eco\/v1627158303\/voluntary_registry\/voluntary_registry.png?_i=AA","contentUrl":"https:\/\/res.cloudinary.com\/voluntaryregistry\/images\/c_scale,q_auto:eco,w_500\/f_auto,q_auto:eco\/v1627158303\/voluntary_registry\/voluntary_registry.png?_i=AA","width":500,"height":114,"caption":"OurOffset Nonprofit LLC."},"image":{"@id":"https:\/\/voluntaryregistry.com\/#\/schema\/logo\/image\/"},"sameAs":["https:\/\/www.facebook.com\/groups\/195978027185234"]}]}},"_links":{"self":[{"href":"https:\/\/voluntaryregistry.com\/en\/wp-json\/wp\/v2\/pages\/38","targetHints":{"allow":["GET"]}}],"collection":[{"href":"https:\/\/voluntaryregistry.com\/en\/wp-json\/wp\/v2\/pages"}],"about":[{"href":"https:\/\/voluntaryregistry.com\/en\/wp-json\/wp\/v2\/types\/page"}],"author":[{"embeddable":true,"href":"https:\/\/voluntaryregistry.com\/en\/wp-json\/wp\/v2\/users\/1"}],"replies":[{"embeddable":true,"href":"https:\/\/voluntaryregistry.com\/en\/wp-json\/wp\/v2\/comments?post=38"}],"version-history":[{"count":0,"href":"https:\/\/voluntaryregistry.com\/en\/wp-json\/wp\/v2\/pages\/38\/revisions"}],"wp:featuredmedia":[{"embeddable":true,"href":"https:\/\/voluntaryregistry.com\/en\/wp-json\/wp\/v2\/media\/147"}],"wp:attachment":[{"href":"https:\/\/voluntaryregistry.com\/en\/wp-json\/wp\/v2\/media?parent=38"}],"wp:term":[{"taxonomy":"category","embeddable":true,"href":"https:\/\/voluntaryregistry.com\/en\/wp-json\/wp\/v2\/categories?post=38"},{"taxonomy":"post_tag","embeddable":true,"href":"https:\/\/voluntaryregistry.com\/en\/wp-json\/wp\/v2\/tags?post=38"}],"curies":[{"name":"wp","href":"https:\/\/api.w.org\/{rel}","templated":true}]}}