{"id":406,"date":"2023-05-18T12:34:57","date_gmt":"2023-05-18T10:34:57","guid":{"rendered":"https:\/\/voluntaryregistry.com\/?page_id=406"},"modified":"2023-05-18T13:03:01","modified_gmt":"2023-05-18T11:03:01","slug":"fantom-karbonkreditek","status":"publish","type":"page","link":"https:\/\/voluntaryregistry.com\/en\/fantom-karbonkreditek\/","title":{"rendered":"Phantom carbon credits"},"content":{"rendered":"<h2 style=\"text-align: justify;\"><span style=\"font-size: 14pt;\">Phantom carbon credits is a term that suggests that the existence or impact of certain carbon credits may be doubtful or questionable.<\/span><\/h2>\n<h3 style=\"text-align: justify;\"><span style=\"font-size: 12pt;\">Carbon credits are credits given for actions or projects that reduce or avoid greenhouse gas emissions. These credits are tradable on carbon markets and are used to help emitters reduce their emissions.<\/span><\/h3>\n<p style=\"text-align: justify;\">The problem of phantom carbon credits arises when projects or measures do not demonstrably reduce emissions, yet credits are issued for them. This may be because the results of the project are difficult to verify, the emission reduction effects are overestimated, or the measure as a whole does not result in effective emission reductions.<\/p>\n<p style=\"text-align: justify;\">This problem is dangerous because by purchasing or using phantom carbon credits, some organisations or companies may give the false impression that they have made significant reductions in their emissions, when in fact they have not made any real effort to reduce their environmental impact.<\/p>\n<p style=\"text-align: justify;\">In order to avoid the problem of phantom carbon credits, it is important to develop transparent and reliable carbon credit systems that ensure that projects actually reduce emissions and that credits are verifiable and credible. Such systems will ensure that carbon credits make a real contribution to the fight against climate change through effective verification mechanisms and strict standards.<\/p>\n<p style=\"text-align: justify;\">Carbon offsets through carbon credits run the gamut from good to bad. Credible offsets can contribute to climate solutions &#8211; if coupled with concrete action to reduce emissions. Unfortunately, there are many examples of projects of dubious value, so it is important to check their credibility. This is not a problem for carbon credits in international registers. Each series is assigned an identification number and documentation is available on request.<\/p>\n<p style=\"text-align: justify;\">The use or use of discredited carbon credits is a deception of the market and the authorities and is a criminal offence.<\/p>\n<p style=\"text-align: right;\"><span style=\"font-size: 8pt;\">L\u00e1szl\u00f3 A. Rampasek<\/span><\/p>\n","protected":false},"excerpt":{"rendered":"<p>Phantom carbon credits is a term that suggests that the existence or impact of certain carbon credits may be doubtful or questionable. Carbon credits are credits given for actions or projects that reduce or avoid greenhouse gas emissions. These credits are tradable on carbon markets and are used to help emitters reduce their emissions. The problem of phantom carbon credits arises when projects or measures do not demonstrably reduce emissions, yet credits are issued for them. This may be because the results of the project are difficult to verify, the emission reduction effects are overestimated, or the measure as a whole does not result in effective emission reductions. This problem is dangerous because by purchasing or using phantom carbon credits, some organisations or companies may give the false impression that they have made significant reductions in their emissions, when in fact they have not made any real effort to reduce their environmental impact. In order to avoid the problem of phantom carbon credits, it is important to develop transparent and reliable carbon credit systems that ensure that projects actually reduce emissions and that credits are verifiable and credible. Such systems will ensure that carbon credits make a real contribution to the fight against climate change through effective verification mechanisms and strict standards. Carbon offsets through carbon credits run the gamut from good to bad. Credible offsets can contribute to climate solutions &#8211; if coupled with concrete action to reduce emissions. Unfortunately, there are many examples of projects of dubious value, so it is important to check their credibility. This is not a problem for carbon credits in international registers. Each series is assigned an identification number and documentation is available on request. The use or use of discredited carbon credits is a deception of the market and the authorities and is a criminal offence. L\u00e1szl\u00f3 A. Rampasek<\/p>\n","protected":false},"author":1,"featured_media":407,"parent":0,"menu_order":0,"comment_status":"closed","ping_status":"closed","template":"","meta":{"_cloudinary_featured_overwrite":false,"footnotes":""},"categories":[1],"tags":[],"class_list":["post-406","page","type-page","status-publish","has-post-thumbnail","hentry","category-voluntary-carbon-registry"],"yoast_head":"<!-- This site is optimized with the Yoast SEO plugin v27.5 - https:\/\/yoast.com\/product\/yoast-seo-wordpress\/ -->\n<title>Phantom carbon credits<\/title>\n<meta name=\"description\" content=\"A fantom karbonkreditek (angolul: phantom carbon credits) olyan fogalom, amely arra utal, hogy bizonyos karbonkreditek l\u00e9tez\u00e9se vagy hat\u00e1sa\" \/>\n<meta name=\"robots\" content=\"index, follow, max-snippet:-1, max-image-preview:large, max-video-preview:-1\" \/>\n<link rel=\"canonical\" href=\"https:\/\/voluntaryregistry.com\/en\/fantom-karbonkreditek\/\" \/>\n<meta property=\"og:locale\" content=\"en_US\" \/>\n<meta property=\"og:locale:alternate\" content=\"hu_HU\" \/>\n<meta property=\"og:locale:alternate\" content=\"ro_RO\" \/>\n<meta property=\"og:type\" content=\"article\" \/>\n<meta property=\"og:title\" content=\"Phantom carbon credits\" \/>\n<meta property=\"og:description\" content=\"A fantom karbonkreditek (angolul: phantom carbon credits) olyan fogalom, amely arra utal, hogy bizonyos karbonkreditek l\u00e9tez\u00e9se vagy hat\u00e1sa\" \/>\n<meta property=\"og:url\" content=\"https:\/\/voluntaryregistry.com\/en\/fantom-karbonkreditek\/\" \/>\n<meta property=\"og:site_name\" content=\"Voluntary Carbon Registry\" \/>\n<meta property=\"article:publisher\" content=\"https:\/\/www.facebook.com\/groups\/195978027185234\" \/>\n<meta property=\"article:modified_time\" content=\"2023-05-18T11:03:01+00:00\" \/>\n<meta property=\"og:image\" content=\"https:\/\/res.cloudinary.com\/voluntaryregistry\/images\/f_auto,q_auto:eco\/v1693841966\/CarbonCredit_phantom\/CarbonCredit_phantom.jpg?_i=AA\" \/>\n\t<meta property=\"og:image:width\" content=\"923\" \/>\n\t<meta property=\"og:image:height\" content=\"519\" \/>\n\t<meta property=\"og:image:type\" content=\"image\/jpeg\" \/>\n<meta name=\"twitter:card\" content=\"summary_large_image\" \/>\n<meta name=\"twitter:label1\" content=\"Est. reading time\" \/>\n\t<meta name=\"twitter:data1\" content=\"2 minutes\" \/>\n<script type=\"application\/ld+json\" class=\"yoast-schema-graph\">{\"@context\":\"https:\\\/\\\/schema.org\",\"@graph\":[{\"@type\":\"WebPage\",\"@id\":\"https:\\\/\\\/voluntaryregistry.com\\\/fantom-karbonkreditek\\\/\",\"url\":\"https:\\\/\\\/voluntaryregistry.com\\\/fantom-karbonkreditek\\\/\",\"name\":\"Phantom carbon credits\",\"isPartOf\":{\"@id\":\"https:\\\/\\\/voluntaryregistry.com\\\/#website\"},\"primaryImageOfPage\":{\"@id\":\"https:\\\/\\\/voluntaryregistry.com\\\/fantom-karbonkreditek\\\/#primaryimage\"},\"image\":{\"@id\":\"https:\\\/\\\/voluntaryregistry.com\\\/fantom-karbonkreditek\\\/#primaryimage\"},\"thumbnailUrl\":\"https:\\\/\\\/res.cloudinary.com\\\/voluntaryregistry\\\/images\\\/f_auto,q_auto:eco\\\/v1693841966\\\/CarbonCredit_phantom\\\/CarbonCredit_phantom.jpg?_i=AA\",\"datePublished\":\"2023-05-18T10:34:57+00:00\",\"dateModified\":\"2023-05-18T11:03:01+00:00\",\"description\":\"A fantom karbonkreditek (angolul: phantom carbon credits) olyan fogalom, amely arra utal, hogy bizonyos karbonkreditek l\u00e9tez\u00e9se vagy hat\u00e1sa\",\"breadcrumb\":{\"@id\":\"https:\\\/\\\/voluntaryregistry.com\\\/fantom-karbonkreditek\\\/#breadcrumb\"},\"inLanguage\":\"en-US\",\"potentialAction\":[{\"@type\":\"ReadAction\",\"target\":[\"https:\\\/\\\/voluntaryregistry.com\\\/fantom-karbonkreditek\\\/\"]}]},{\"@type\":\"ImageObject\",\"inLanguage\":\"en-US\",\"@id\":\"https:\\\/\\\/voluntaryregistry.com\\\/fantom-karbonkreditek\\\/#primaryimage\",\"url\":\"https:\\\/\\\/res.cloudinary.com\\\/voluntaryregistry\\\/images\\\/f_auto,q_auto:eco\\\/v1693841966\\\/CarbonCredit_phantom\\\/CarbonCredit_phantom.jpg?_i=AA\",\"contentUrl\":\"https:\\\/\\\/res.cloudinary.com\\\/voluntaryregistry\\\/images\\\/f_auto,q_auto:eco\\\/v1693841966\\\/CarbonCredit_phantom\\\/CarbonCredit_phantom.jpg?_i=AA\",\"width\":923,\"height\":519,\"caption\":\"Fantom karbonkreditek\"},{\"@type\":\"BreadcrumbList\",\"@id\":\"https:\\\/\\\/voluntaryregistry.com\\\/fantom-karbonkreditek\\\/#breadcrumb\",\"itemListElement\":[{\"@type\":\"ListItem\",\"position\":1,\"name\":\"Kezd\u0151lap\",\"item\":\"https:\\\/\\\/voluntaryregistry.com\\\/en\\\/\"},{\"@type\":\"ListItem\",\"position\":2,\"name\":\"Fantom karbonkreditek\"}]},{\"@type\":\"WebSite\",\"@id\":\"https:\\\/\\\/voluntaryregistry.com\\\/#website\",\"url\":\"https:\\\/\\\/voluntaryregistry.com\\\/\",\"name\":\"Voluntary Carbon Registry\",\"description\":\"OurOffset Registry's reliable and secure platform in partnership with iCC\",\"publisher\":{\"@id\":\"https:\\\/\\\/voluntaryregistry.com\\\/#organization\"},\"potentialAction\":[{\"@type\":\"SearchAction\",\"target\":{\"@type\":\"EntryPoint\",\"urlTemplate\":\"https:\\\/\\\/voluntaryregistry.com\\\/?s={search_term_string}\"},\"query-input\":{\"@type\":\"PropertyValueSpecification\",\"valueRequired\":true,\"valueName\":\"search_term_string\"}}],\"inLanguage\":\"en-US\"},{\"@type\":\"Organization\",\"@id\":\"https:\\\/\\\/voluntaryregistry.com\\\/#organization\",\"name\":\"OurOffset Nonprofit LLC.\",\"url\":\"https:\\\/\\\/voluntaryregistry.com\\\/\",\"logo\":{\"@type\":\"ImageObject\",\"inLanguage\":\"en-US\",\"@id\":\"https:\\\/\\\/voluntaryregistry.com\\\/#\\\/schema\\\/logo\\\/image\\\/\",\"url\":\"https:\\\/\\\/res.cloudinary.com\\\/voluntaryregistry\\\/images\\\/c_scale,q_auto:eco,w_500\\\/f_auto,q_auto:eco\\\/v1627158303\\\/voluntary_registry\\\/voluntary_registry.png?_i=AA\",\"contentUrl\":\"https:\\\/\\\/res.cloudinary.com\\\/voluntaryregistry\\\/images\\\/c_scale,q_auto:eco,w_500\\\/f_auto,q_auto:eco\\\/v1627158303\\\/voluntary_registry\\\/voluntary_registry.png?_i=AA\",\"width\":500,\"height\":114,\"caption\":\"OurOffset Nonprofit LLC.\"},\"image\":{\"@id\":\"https:\\\/\\\/voluntaryregistry.com\\\/#\\\/schema\\\/logo\\\/image\\\/\"},\"sameAs\":[\"https:\\\/\\\/www.facebook.com\\\/groups\\\/195978027185234\"]}]}<\/script>\n<!-- \/ Yoast SEO plugin. -->","yoast_head_json":{"title":"Phantom carbon credits","description":"A fantom karbonkreditek (angolul: phantom carbon credits) olyan fogalom, amely arra utal, hogy bizonyos karbonkreditek l\u00e9tez\u00e9se vagy hat\u00e1sa","robots":{"index":"index","follow":"follow","max-snippet":"max-snippet:-1","max-image-preview":"max-image-preview:large","max-video-preview":"max-video-preview:-1"},"canonical":"https:\/\/voluntaryregistry.com\/en\/fantom-karbonkreditek\/","og_locale":"en_US","og_type":"article","og_title":"[:en]Phantom carbon credits[:hu]Fantom karbonkreditek[:ro]Credite de carbon fantom\u0103[:] - Voluntary Carbon Registry","og_description":"A fantom karbonkreditek (angolul: phantom carbon credits) olyan fogalom, amely arra utal, hogy bizonyos karbonkreditek l\u00e9tez\u00e9se vagy hat\u00e1sa","og_url":"https:\/\/voluntaryregistry.com\/en\/fantom-karbonkreditek\/","og_site_name":"Voluntary Carbon Registry","article_publisher":"https:\/\/www.facebook.com\/groups\/195978027185234","article_modified_time":"2023-05-18T11:03:01+00:00","og_image":[{"width":923,"height":519,"url":"https:\/\/res.cloudinary.com\/voluntaryregistry\/images\/f_auto,q_auto:eco\/v1693841966\/CarbonCredit_phantom\/CarbonCredit_phantom.jpg?_i=AA","type":"image\/jpeg"}],"twitter_card":"summary_large_image","twitter_misc":{"Est. reading time":"2 minutes"},"schema":{"@context":"https:\/\/schema.org","@graph":[{"@type":"WebPage","@id":"https:\/\/voluntaryregistry.com\/fantom-karbonkreditek\/","url":"https:\/\/voluntaryregistry.com\/fantom-karbonkreditek\/","name":"Phantom carbon credits","isPartOf":{"@id":"https:\/\/voluntaryregistry.com\/#website"},"primaryImageOfPage":{"@id":"https:\/\/voluntaryregistry.com\/fantom-karbonkreditek\/#primaryimage"},"image":{"@id":"https:\/\/voluntaryregistry.com\/fantom-karbonkreditek\/#primaryimage"},"thumbnailUrl":"https:\/\/res.cloudinary.com\/voluntaryregistry\/images\/f_auto,q_auto:eco\/v1693841966\/CarbonCredit_phantom\/CarbonCredit_phantom.jpg?_i=AA","datePublished":"2023-05-18T10:34:57+00:00","dateModified":"2023-05-18T11:03:01+00:00","description":"A fantom karbonkreditek (angolul: phantom carbon credits) olyan fogalom, amely arra utal, hogy bizonyos karbonkreditek l\u00e9tez\u00e9se vagy hat\u00e1sa","breadcrumb":{"@id":"https:\/\/voluntaryregistry.com\/fantom-karbonkreditek\/#breadcrumb"},"inLanguage":"en-US","potentialAction":[{"@type":"ReadAction","target":["https:\/\/voluntaryregistry.com\/fantom-karbonkreditek\/"]}]},{"@type":"ImageObject","inLanguage":"en-US","@id":"https:\/\/voluntaryregistry.com\/fantom-karbonkreditek\/#primaryimage","url":"https:\/\/res.cloudinary.com\/voluntaryregistry\/images\/f_auto,q_auto:eco\/v1693841966\/CarbonCredit_phantom\/CarbonCredit_phantom.jpg?_i=AA","contentUrl":"https:\/\/res.cloudinary.com\/voluntaryregistry\/images\/f_auto,q_auto:eco\/v1693841966\/CarbonCredit_phantom\/CarbonCredit_phantom.jpg?_i=AA","width":923,"height":519,"caption":"Fantom karbonkreditek"},{"@type":"BreadcrumbList","@id":"https:\/\/voluntaryregistry.com\/fantom-karbonkreditek\/#breadcrumb","itemListElement":[{"@type":"ListItem","position":1,"name":"Kezd\u0151lap","item":"https:\/\/voluntaryregistry.com\/en\/"},{"@type":"ListItem","position":2,"name":"Fantom karbonkreditek"}]},{"@type":"WebSite","@id":"https:\/\/voluntaryregistry.com\/#website","url":"https:\/\/voluntaryregistry.com\/","name":"Voluntary Carbon Registry","description":"OurOffset Registry's reliable and secure platform in partnership with iCC","publisher":{"@id":"https:\/\/voluntaryregistry.com\/#organization"},"potentialAction":[{"@type":"SearchAction","target":{"@type":"EntryPoint","urlTemplate":"https:\/\/voluntaryregistry.com\/?s={search_term_string}"},"query-input":{"@type":"PropertyValueSpecification","valueRequired":true,"valueName":"search_term_string"}}],"inLanguage":"en-US"},{"@type":"Organization","@id":"https:\/\/voluntaryregistry.com\/#organization","name":"OurOffset Nonprofit LLC.","url":"https:\/\/voluntaryregistry.com\/","logo":{"@type":"ImageObject","inLanguage":"en-US","@id":"https:\/\/voluntaryregistry.com\/#\/schema\/logo\/image\/","url":"https:\/\/res.cloudinary.com\/voluntaryregistry\/images\/c_scale,q_auto:eco,w_500\/f_auto,q_auto:eco\/v1627158303\/voluntary_registry\/voluntary_registry.png?_i=AA","contentUrl":"https:\/\/res.cloudinary.com\/voluntaryregistry\/images\/c_scale,q_auto:eco,w_500\/f_auto,q_auto:eco\/v1627158303\/voluntary_registry\/voluntary_registry.png?_i=AA","width":500,"height":114,"caption":"OurOffset Nonprofit LLC."},"image":{"@id":"https:\/\/voluntaryregistry.com\/#\/schema\/logo\/image\/"},"sameAs":["https:\/\/www.facebook.com\/groups\/195978027185234"]}]}},"_links":{"self":[{"href":"https:\/\/voluntaryregistry.com\/en\/wp-json\/wp\/v2\/pages\/406","targetHints":{"allow":["GET"]}}],"collection":[{"href":"https:\/\/voluntaryregistry.com\/en\/wp-json\/wp\/v2\/pages"}],"about":[{"href":"https:\/\/voluntaryregistry.com\/en\/wp-json\/wp\/v2\/types\/page"}],"author":[{"embeddable":true,"href":"https:\/\/voluntaryregistry.com\/en\/wp-json\/wp\/v2\/users\/1"}],"replies":[{"embeddable":true,"href":"https:\/\/voluntaryregistry.com\/en\/wp-json\/wp\/v2\/comments?post=406"}],"version-history":[{"count":0,"href":"https:\/\/voluntaryregistry.com\/en\/wp-json\/wp\/v2\/pages\/406\/revisions"}],"wp:featuredmedia":[{"embeddable":true,"href":"https:\/\/voluntaryregistry.com\/en\/wp-json\/wp\/v2\/media\/407"}],"wp:attachment":[{"href":"https:\/\/voluntaryregistry.com\/en\/wp-json\/wp\/v2\/media?parent=406"}],"wp:term":[{"taxonomy":"category","embeddable":true,"href":"https:\/\/voluntaryregistry.com\/en\/wp-json\/wp\/v2\/categories?post=406"},{"taxonomy":"post_tag","embeddable":true,"href":"https:\/\/voluntaryregistry.com\/en\/wp-json\/wp\/v2\/tags?post=406"}],"curies":[{"name":"wp","href":"https:\/\/api.w.org\/{rel}","templated":true}]}}