{"id":1028204,"date":"2025-10-10T01:35:20","date_gmt":"2025-10-09T23:35:20","guid":{"rendered":"https:\/\/voluntaryregistry.com\/?page_id=1028204"},"modified":"2025-10-10T01:51:24","modified_gmt":"2025-10-09T23:51:24","slug":"szakmai-tartalmak","status":"publish","type":"page","link":"https:\/\/voluntaryregistry.com\/ro\/szakmai-tartalmak\/","title":{"rendered":"Resurse Profesionale"},"content":{"rendered":"<p style=\"text-align: justify;\">\u00cen submeniu vei g\u0103si con\u021binut profesional, instrumente \u0219i cuno\u0219tin\u021be care te ajut\u0103 s\u0103 \u00een\u021belegi procesul de decarbonizare \u0219i s\u0103 porne\u0219ti c\u0103tre o func\u021bionare neutr\u0103 din punct de vedere al carbonului.<\/p>\n","protected":false},"excerpt":{"rendered":"<p>\u00cen submeniu vei g\u0103si con\u021binut profesional, instrumente \u0219i cuno\u0219tin\u021be care te ajut\u0103 s\u0103 \u00een\u021belegi procesul de decarbonizare \u0219i s\u0103 porne\u0219ti c\u0103tre o func\u021bionare neutr\u0103 din punct de vedere al carbonului.<\/p>\n","protected":false},"author":1,"featured_media":0,"parent":0,"menu_order":0,"comment_status":"closed","ping_status":"closed","template":"","meta":{"_cloudinary_featured_overwrite":false,"footnotes":""},"categories":[69],"tags":[],"class_list":["post-1028204","page","type-page","status-publish","hentry","category-tudomany"],"yoast_head":"<!-- This site is optimized with the Yoast SEO plugin v27.4 - https:\/\/yoast.com\/product\/yoast-seo-wordpress\/ -->\n<title>Resurse Profesionale<\/title>\n<meta name=\"description\" content=\"Itt tal\u00e1lod azokat a szakmai tartalmakat, eszk\u00f6z\u00f6ket \u00e9s ismereteket, amelyek seg\u00edtenek meg\u00e9rteni a dekarboniz\u00e1ci\u00f3 folyamat\u00e1t \u00e9s elindulni ...\" \/>\n<meta name=\"robots\" content=\"index, follow, max-snippet:-1, max-image-preview:large, max-video-preview:-1\" \/>\n<link rel=\"canonical\" href=\"https:\/\/voluntaryregistry.com\/ro\/szakmai-tartalmak\/\" \/>\n<meta property=\"og:locale\" content=\"ro_RO\" \/>\n<meta property=\"og:locale:alternate\" content=\"en_US\" \/>\n<meta property=\"og:locale:alternate\" content=\"hu_HU\" \/>\n<meta property=\"og:type\" content=\"article\" \/>\n<meta property=\"og:title\" content=\"Resurse Profesionale\" \/>\n<meta property=\"og:description\" content=\"Itt tal\u00e1lod azokat a szakmai tartalmakat, eszk\u00f6z\u00f6ket \u00e9s ismereteket, amelyek seg\u00edtenek meg\u00e9rteni a dekarboniz\u00e1ci\u00f3 folyamat\u00e1t \u00e9s elindulni ...\" \/>\n<meta property=\"og:url\" content=\"https:\/\/voluntaryregistry.com\/ro\/szakmai-tartalmak\/\" \/>\n<meta property=\"og:site_name\" content=\"Voluntary Carbon Registry\" \/>\n<meta property=\"article:publisher\" content=\"https:\/\/www.facebook.com\/groups\/195978027185234\" \/>\n<meta property=\"article:modified_time\" content=\"2025-10-09T23:51:24+00:00\" \/>\n<meta name=\"twitter:card\" content=\"summary_large_image\" \/>\n<meta name=\"twitter:label1\" content=\"Timp estimat pentru citire\" \/>\n\t<meta name=\"twitter:data1\" content=\"1 minut\" \/>\n<script type=\"application\/ld+json\" class=\"yoast-schema-graph\">{\"@context\":\"https:\\\/\\\/schema.org\",\"@graph\":[{\"@type\":\"WebPage\",\"@id\":\"https:\\\/\\\/voluntaryregistry.com\\\/en\\\/szakmai-tartalmak\\\/\",\"url\":\"https:\\\/\\\/voluntaryregistry.com\\\/en\\\/szakmai-tartalmak\\\/\",\"name\":\"Resurse Profesionale\",\"isPartOf\":{\"@id\":\"https:\\\/\\\/voluntaryregistry.com\\\/#website\"},\"datePublished\":\"2025-10-09T23:35:20+00:00\",\"dateModified\":\"2025-10-09T23:51:24+00:00\",\"description\":\"Itt tal\u00e1lod azokat a szakmai tartalmakat, eszk\u00f6z\u00f6ket \u00e9s ismereteket, amelyek seg\u00edtenek meg\u00e9rteni a dekarboniz\u00e1ci\u00f3 folyamat\u00e1t \u00e9s elindulni ...\",\"breadcrumb\":{\"@id\":\"https:\\\/\\\/voluntaryregistry.com\\\/en\\\/szakmai-tartalmak\\\/#breadcrumb\"},\"inLanguage\":\"ro-RO\",\"potentialAction\":[{\"@type\":\"ReadAction\",\"target\":[\"https:\\\/\\\/voluntaryregistry.com\\\/en\\\/szakmai-tartalmak\\\/\"]}]},{\"@type\":\"BreadcrumbList\",\"@id\":\"https:\\\/\\\/voluntaryregistry.com\\\/en\\\/szakmai-tartalmak\\\/#breadcrumb\",\"itemListElement\":[{\"@type\":\"ListItem\",\"position\":1,\"name\":\"Kezd\u0151lap\",\"item\":\"https:\\\/\\\/voluntaryregistry.com\\\/en\\\/\"},{\"@type\":\"ListItem\",\"position\":2,\"name\":\"Professional Resources\"}]},{\"@type\":\"WebSite\",\"@id\":\"https:\\\/\\\/voluntaryregistry.com\\\/#website\",\"url\":\"https:\\\/\\\/voluntaryregistry.com\\\/\",\"name\":\"Voluntary Carbon Registry\",\"description\":\"Platforma sigur\u0103 \u0219i fiabil\u0103 a Registrului OurOffset \u00een parteneriat cu iCC\",\"publisher\":{\"@id\":\"https:\\\/\\\/voluntaryregistry.com\\\/#organization\"},\"potentialAction\":[{\"@type\":\"SearchAction\",\"target\":{\"@type\":\"EntryPoint\",\"urlTemplate\":\"https:\\\/\\\/voluntaryregistry.com\\\/?s={search_term_string}\"},\"query-input\":{\"@type\":\"PropertyValueSpecification\",\"valueRequired\":true,\"valueName\":\"search_term_string\"}}],\"inLanguage\":\"ro-RO\"},{\"@type\":\"Organization\",\"@id\":\"https:\\\/\\\/voluntaryregistry.com\\\/#organization\",\"name\":\"OurOffset Nonprofit LLC.\",\"url\":\"https:\\\/\\\/voluntaryregistry.com\\\/\",\"logo\":{\"@type\":\"ImageObject\",\"inLanguage\":\"ro-RO\",\"@id\":\"https:\\\/\\\/voluntaryregistry.com\\\/#\\\/schema\\\/logo\\\/image\\\/\",\"url\":\"https:\\\/\\\/res.cloudinary.com\\\/voluntaryregistry\\\/images\\\/c_scale,q_auto:eco,w_500\\\/f_auto,q_auto:eco\\\/v1627158303\\\/voluntary_registry\\\/voluntary_registry.png?_i=AA\",\"contentUrl\":\"https:\\\/\\\/res.cloudinary.com\\\/voluntaryregistry\\\/images\\\/c_scale,q_auto:eco,w_500\\\/f_auto,q_auto:eco\\\/v1627158303\\\/voluntary_registry\\\/voluntary_registry.png?_i=AA\",\"width\":500,\"height\":114,\"caption\":\"OurOffset Nonprofit LLC.\"},\"image\":{\"@id\":\"https:\\\/\\\/voluntaryregistry.com\\\/#\\\/schema\\\/logo\\\/image\\\/\"},\"sameAs\":[\"https:\\\/\\\/www.facebook.com\\\/groups\\\/195978027185234\"]}]}<\/script>\n<!-- \/ Yoast SEO plugin. -->","yoast_head_json":{"title":"Resurse Profesionale","description":"Itt tal\u00e1lod azokat a szakmai tartalmakat, eszk\u00f6z\u00f6ket \u00e9s ismereteket, amelyek seg\u00edtenek meg\u00e9rteni a dekarboniz\u00e1ci\u00f3 folyamat\u00e1t \u00e9s elindulni ...","robots":{"index":"index","follow":"follow","max-snippet":"max-snippet:-1","max-image-preview":"max-image-preview:large","max-video-preview":"max-video-preview:-1"},"canonical":"https:\/\/voluntaryregistry.com\/ro\/szakmai-tartalmak\/","og_locale":"ro_RO","og_type":"article","og_title":"[:en]Professional Resources[:hu]SZAKMAI TARTALMAK[:ro]Resurse Profesionale[:] - Voluntary Carbon Registry","og_description":"[:hu]Itt tal\u00e1lod azokat a szakmai tartalmakat, eszk\u00f6z\u00f6ket \u00e9s ismereteket, amelyek seg\u00edtenek meg\u00e9rteni a dekarboniz\u00e1ci\u00f3 folyamat\u00e1t \u00e9s elindulni ...[:]","og_url":"https:\/\/voluntaryregistry.com\/ro\/szakmai-tartalmak\/","og_site_name":"Voluntary Carbon Registry","article_publisher":"https:\/\/www.facebook.com\/groups\/195978027185234","article_modified_time":"2025-10-09T23:51:24+00:00","twitter_card":"summary_large_image","twitter_misc":{"Timp estimat pentru citire":"1 minut"},"schema":{"@context":"https:\/\/schema.org","@graph":[{"@type":"WebPage","@id":"https:\/\/voluntaryregistry.com\/en\/szakmai-tartalmak\/","url":"https:\/\/voluntaryregistry.com\/en\/szakmai-tartalmak\/","name":"Resurse Profesionale","isPartOf":{"@id":"https:\/\/voluntaryregistry.com\/#website"},"datePublished":"2025-10-09T23:35:20+00:00","dateModified":"2025-10-09T23:51:24+00:00","description":"Itt tal\u00e1lod azokat a szakmai tartalmakat, eszk\u00f6z\u00f6ket \u00e9s ismereteket, amelyek seg\u00edtenek meg\u00e9rteni a dekarboniz\u00e1ci\u00f3 folyamat\u00e1t \u00e9s elindulni ...","breadcrumb":{"@id":"https:\/\/voluntaryregistry.com\/en\/szakmai-tartalmak\/#breadcrumb"},"inLanguage":"ro-RO","potentialAction":[{"@type":"ReadAction","target":["https:\/\/voluntaryregistry.com\/en\/szakmai-tartalmak\/"]}]},{"@type":"BreadcrumbList","@id":"https:\/\/voluntaryregistry.com\/en\/szakmai-tartalmak\/#breadcrumb","itemListElement":[{"@type":"ListItem","position":1,"name":"Kezd\u0151lap","item":"https:\/\/voluntaryregistry.com\/en\/"},{"@type":"ListItem","position":2,"name":"Professional Resources"}]},{"@type":"WebSite","@id":"https:\/\/voluntaryregistry.com\/#website","url":"https:\/\/voluntaryregistry.com\/","name":"Voluntary Carbon Registry","description":"Platforma sigur\u0103 \u0219i fiabil\u0103 a Registrului OurOffset \u00een parteneriat cu iCC","publisher":{"@id":"https:\/\/voluntaryregistry.com\/#organization"},"potentialAction":[{"@type":"SearchAction","target":{"@type":"EntryPoint","urlTemplate":"https:\/\/voluntaryregistry.com\/?s={search_term_string}"},"query-input":{"@type":"PropertyValueSpecification","valueRequired":true,"valueName":"search_term_string"}}],"inLanguage":"ro-RO"},{"@type":"Organization","@id":"https:\/\/voluntaryregistry.com\/#organization","name":"OurOffset Nonprofit LLC.","url":"https:\/\/voluntaryregistry.com\/","logo":{"@type":"ImageObject","inLanguage":"ro-RO","@id":"https:\/\/voluntaryregistry.com\/#\/schema\/logo\/image\/","url":"https:\/\/res.cloudinary.com\/voluntaryregistry\/images\/c_scale,q_auto:eco,w_500\/f_auto,q_auto:eco\/v1627158303\/voluntary_registry\/voluntary_registry.png?_i=AA","contentUrl":"https:\/\/res.cloudinary.com\/voluntaryregistry\/images\/c_scale,q_auto:eco,w_500\/f_auto,q_auto:eco\/v1627158303\/voluntary_registry\/voluntary_registry.png?_i=AA","width":500,"height":114,"caption":"OurOffset Nonprofit LLC."},"image":{"@id":"https:\/\/voluntaryregistry.com\/#\/schema\/logo\/image\/"},"sameAs":["https:\/\/www.facebook.com\/groups\/195978027185234"]}]}},"_links":{"self":[{"href":"https:\/\/voluntaryregistry.com\/ro\/wp-json\/wp\/v2\/pages\/1028204","targetHints":{"allow":["GET"]}}],"collection":[{"href":"https:\/\/voluntaryregistry.com\/ro\/wp-json\/wp\/v2\/pages"}],"about":[{"href":"https:\/\/voluntaryregistry.com\/ro\/wp-json\/wp\/v2\/types\/page"}],"author":[{"embeddable":true,"href":"https:\/\/voluntaryregistry.com\/ro\/wp-json\/wp\/v2\/users\/1"}],"replies":[{"embeddable":true,"href":"https:\/\/voluntaryregistry.com\/ro\/wp-json\/wp\/v2\/comments?post=1028204"}],"version-history":[{"count":4,"href":"https:\/\/voluntaryregistry.com\/ro\/wp-json\/wp\/v2\/pages\/1028204\/revisions"}],"predecessor-version":[{"id":1028291,"href":"https:\/\/voluntaryregistry.com\/ro\/wp-json\/wp\/v2\/pages\/1028204\/revisions\/1028291"}],"wp:attachment":[{"href":"https:\/\/voluntaryregistry.com\/ro\/wp-json\/wp\/v2\/media?parent=1028204"}],"wp:term":[{"taxonomy":"category","embeddable":true,"href":"https:\/\/voluntaryregistry.com\/ro\/wp-json\/wp\/v2\/categories?post=1028204"},{"taxonomy":"post_tag","embeddable":true,"href":"https:\/\/voluntaryregistry.com\/ro\/wp-json\/wp\/v2\/tags?post=1028204"}],"curies":[{"name":"wp","href":"https:\/\/api.w.org\/{rel}","templated":true}]}}