{"id":33,"date":"2021-07-24T19:46:48","date_gmt":"2021-07-24T17:46:48","guid":{"rendered":"http:\/\/voluntaryregistry.com\/?page_id=33"},"modified":"2025-10-08T17:50:14","modified_gmt":"2025-10-08T15:50:14","slug":"voluntary-registry","status":"publish","type":"page","link":"https:\/\/voluntaryregistry.com\/ro\/","title":{"rendered":"Voluntary Carbon Registry"},"content":{"rendered":"<h3 style=\"text-align: justify;\"><span style=\"font-size: 13pt;\">OurOffset Nonprofit LLC. este principalul furnizor de infrastructur\u0103 cu roluri multiple pentru pie\u021bele ecologice de gaze cu efect de ser\u0103 din Europa Central\u0103. EM Global Carbon Survey este un r\u0103spuns certificat.<\/span><\/h3>\n<p style=\"text-align: justify;\">Membru al unei re\u021bele globale \u00een cre\u0219tere de responden\u021bi EM din peste 40 de \u021b\u0103ri, <a href=\"https:\/\/ouroffset.com\/projects-1-20\/\" target=\"_blank\" rel=\"noopener\"><strong>proiecte<\/strong><\/a> \u00een 80 de \u021b\u0103ri din 2014, p\u00e2n\u0103 \u00een 2021 <a href=\"https:\/\/voluntaryregistry. com\/how-much-carbon-we-emit-who-we-emit\/\" target=\"_blank\" rel=\"noopener\">carbon-market-insight-insight<\/a> \u0219i comer\u021bul cu compensa\u021bii, contribuind la obiectivele de promovare a transparen\u021bei pie\u021bei carbonului.<\/p>\n<p style=\"text-align: justify;\">Utilizatorii acestor scheme includ to\u021bi actorii cheie de pe pia\u021b\u0103, de la dezvoltatorii de proiecte \u0219i companii p\u00e2n\u0103 la ONG-uri \u0219i agen\u021bii guvernamentale, precum \u0219i toate \u00eentreprinderile mici \u0219i mijlocii.<\/p>\n<p style=\"text-align: justify;\">OurOffset nu este doar un partener tehnologic, ci investe\u0219te \u0219i \u00een construirea de rela\u021bii pentru a sprijini succesul fiec\u0103ruia dintre partenerii no\u0219tri care sus\u021bin\u0103tori registrele de carbon, adapt\u00e2ndu-ne abordarea la nevoile unice ale fiec\u0103rui registru.<\/p>\n<p style=\"text-align: justify;\">OurOffset ac\u021bioneaz\u0103 ca o extensie a organiza\u021biei asisten\u021b\u0103, \u00eembin\u00e2nd cunoa\u0219terea aprofundat\u0103 a programelor acestora cu o perspectiv\u0103 expert\u0103 asupra tendin\u021belor \u0219i cerin\u021belor din industrie. Evolu\u0103m \u00een permanen\u021b\u0103 odat\u0103 cu industria voluntar\u0103 a carbonului, identific\u00e2nd progrese strategice pentru a-i ajuta pe partenerii no\u0219tri s\u0103 r\u0103spund\u0103 nevoilor pie\u021bei cu abord\u0103ri avansate din punct de vedere tehnologic, eficiente, rentabile \u0219i intuitive pentru a atinge neutralitatea \u00een materie de carbon c\u00e2t mai repede posibil.<\/p>\n","protected":false},"excerpt":{"rendered":"<p>OurOffset Nonprofit LLC. este principalul furnizor de infrastructur\u0103 cu roluri multiple pentru pie\u021bele ecologice de gaze cu efect de ser\u0103 din Europa Central\u0103. EM Global Carbon Survey este un r\u0103spuns certificat. Membru al unei re\u021bele globale \u00een cre\u0219tere de responden\u021bi EM din peste 40 de \u021b\u0103ri, proiecte \u00een 80 de \u021b\u0103ri din 2014, p\u00e2n\u0103 \u00een 2021 carbon-market-insight-insight \u0219i comer\u021bul cu compensa\u021bii, contribuind la obiectivele de promovare a transparen\u021bei pie\u021bei carbonului. Utilizatorii acestor scheme includ to\u021bi actorii cheie de pe pia\u021b\u0103, de la dezvoltatorii de proiecte \u0219i companii p\u00e2n\u0103 la ONG-uri \u0219i agen\u021bii guvernamentale, precum \u0219i toate \u00eentreprinderile mici \u0219i mijlocii. OurOffset nu este doar un partener tehnologic, ci investe\u0219te \u0219i \u00een construirea de rela\u021bii pentru a sprijini succesul fiec\u0103ruia dintre partenerii no\u0219tri care sus\u021bin\u0103tori registrele de carbon, adapt\u00e2ndu-ne abordarea la nevoile unice ale fiec\u0103rui registru. OurOffset ac\u021bioneaz\u0103 ca o extensie a organiza\u021biei asisten\u021b\u0103, \u00eembin\u00e2nd cunoa\u0219terea aprofundat\u0103 a programelor acestora cu o perspectiv\u0103 expert\u0103 asupra tendin\u021belor \u0219i cerin\u021belor din industrie. Evolu\u0103m \u00een permanen\u021b\u0103 odat\u0103 cu industria voluntar\u0103 a carbonului, identific\u00e2nd progrese strategice pentru a-i ajuta pe partenerii no\u0219tri s\u0103 r\u0103spund\u0103 nevoilor pie\u021bei cu abord\u0103ri avansate din punct de vedere tehnologic, eficiente, rentabile \u0219i intuitive pentru a atinge neutralitatea \u00een materie de carbon c\u00e2t mai repede posibil.<\/p>\n","protected":false},"author":1,"featured_media":289,"parent":0,"menu_order":0,"comment_status":"closed","ping_status":"closed","template":"","meta":{"_cloudinary_featured_overwrite":false,"footnotes":""},"categories":[1],"tags":[10,9,6,40,4,7,8,5,39,38],"class_list":["post-33","page","type-page","status-publish","has-post-thumbnail","hentry","category-voluntary-carbon-registry","tag-kis-es-kozepes-vallalkozas","tag-kormanyzati-szervezetek","tag-kornyezetvedelem","tag-onkentes-karbonkredit-nyilvantartas","tag-ouroffset","tag-piaci-szereplo","tag-projektfejleszto","tag-uveghazhatasu-gazok","tag-voluntary-carbon-offset","tag-voluntary-carbon-registry"],"yoast_head":"<!-- This site is optimized with the Yoast SEO plugin v27.4 - https:\/\/yoast.com\/product\/yoast-seo-wordpress\/ -->\n<title>Voluntary Carbon Registry<\/title>\n<meta name=\"description\" content=\"Az OurOffset Nonprofit LLC. az \u00fcvegh\u00e1zhat\u00e1s\u00fa g\u00e1zok k\u00f6rnyezetv\u00e9delmi piacainak vezet\u0151 infrastrukt\u00fara-szolg\u00e1ltat\u00f3ja K\u00f6z\u00e9p-Eur\u00f3p\u00e1ban.\" \/>\n<meta name=\"robots\" content=\"index, follow, max-snippet:-1, max-image-preview:large, max-video-preview:-1\" \/>\n<link rel=\"canonical\" href=\"https:\/\/voluntaryregistry.com\/ro\/\" \/>\n<meta property=\"og:locale\" content=\"ro_RO\" \/>\n<meta property=\"og:locale:alternate\" content=\"en_US\" \/>\n<meta property=\"og:locale:alternate\" content=\"hu_HU\" \/>\n<meta property=\"og:type\" content=\"article\" \/>\n<meta property=\"og:title\" content=\"Voluntary Carbon Registry\" \/>\n<meta property=\"og:description\" content=\"Az OurOffset Nonprofit LLC. az \u00fcvegh\u00e1zhat\u00e1s\u00fa g\u00e1zok k\u00f6rnyezetv\u00e9delmi piacainak vezet\u0151 infrastrukt\u00fara-szolg\u00e1ltat\u00f3ja K\u00f6z\u00e9p-Eur\u00f3p\u00e1ban.\" \/>\n<meta property=\"og:url\" content=\"https:\/\/voluntaryregistry.com\/ro\/\" \/>\n<meta property=\"og:site_name\" content=\"Voluntary Carbon Registry\" \/>\n<meta property=\"article:publisher\" content=\"https:\/\/www.facebook.com\/groups\/195978027185234\" \/>\n<meta property=\"article:modified_time\" content=\"2025-10-08T15:50:14+00:00\" \/>\n<meta property=\"og:image\" content=\"https:\/\/res.cloudinary.com\/voluntaryregistry\/images\/q_auto:eco\/f_auto,q_auto:eco\/v1631624371\/girl-urban-OurOffset-Reg_and_respondent2021\/girl-urban-OurOffset-Reg_and_respondent2021.jpg?_i=AA\" \/>\n\t<meta property=\"og:image:width\" content=\"1210\" \/>\n\t<meta property=\"og:image:height\" content=\"409\" \/>\n\t<meta property=\"og:image:type\" content=\"image\/jpeg\" \/>\n<meta name=\"twitter:card\" content=\"summary_large_image\" \/>\n<meta name=\"twitter:label1\" content=\"Timp estimat pentru citire\" \/>\n\t<meta name=\"twitter:data1\" content=\"2 minute\" \/>\n<script type=\"application\/ld+json\" class=\"yoast-schema-graph\">{\"@context\":\"https:\\\/\\\/schema.org\",\"@graph\":[{\"@type\":\"WebPage\",\"@id\":\"https:\\\/\\\/voluntaryregistry.com\\\/en\\\/\",\"url\":\"https:\\\/\\\/voluntaryregistry.com\\\/en\\\/\",\"name\":\"Voluntary Carbon Registry\",\"isPartOf\":{\"@id\":\"https:\\\/\\\/voluntaryregistry.com\\\/#website\"},\"primaryImageOfPage\":{\"@id\":\"https:\\\/\\\/voluntaryregistry.com\\\/en\\\/#primaryimage\"},\"image\":{\"@id\":\"https:\\\/\\\/voluntaryregistry.com\\\/en\\\/#primaryimage\"},\"thumbnailUrl\":\"https:\\\/\\\/res.cloudinary.com\\\/voluntaryregistry\\\/images\\\/q_auto:eco\\\/f_auto,q_auto:eco\\\/v1631624371\\\/girl-urban-OurOffset-Reg_and_respondent2021\\\/girl-urban-OurOffset-Reg_and_respondent2021.jpg?_i=AA\",\"datePublished\":\"2021-07-24T17:46:48+00:00\",\"dateModified\":\"2025-10-08T15:50:14+00:00\",\"description\":\"Az OurOffset Nonprofit LLC. az \u00fcvegh\u00e1zhat\u00e1s\u00fa g\u00e1zok k\u00f6rnyezetv\u00e9delmi piacainak vezet\u0151 infrastrukt\u00fara-szolg\u00e1ltat\u00f3ja K\u00f6z\u00e9p-Eur\u00f3p\u00e1ban.\",\"breadcrumb\":{\"@id\":\"https:\\\/\\\/voluntaryregistry.com\\\/en\\\/#breadcrumb\"},\"inLanguage\":\"ro-RO\",\"potentialAction\":[{\"@type\":\"ReadAction\",\"target\":[\"https:\\\/\\\/voluntaryregistry.com\\\/en\\\/\"]}]},{\"@type\":\"ImageObject\",\"inLanguage\":\"ro-RO\",\"@id\":\"https:\\\/\\\/voluntaryregistry.com\\\/en\\\/#primaryimage\",\"url\":\"https:\\\/\\\/res.cloudinary.com\\\/voluntaryregistry\\\/images\\\/q_auto:eco\\\/f_auto,q_auto:eco\\\/v1631624371\\\/girl-urban-OurOffset-Reg_and_respondent2021\\\/girl-urban-OurOffset-Reg_and_respondent2021.jpg?_i=AA\",\"contentUrl\":\"https:\\\/\\\/res.cloudinary.com\\\/voluntaryregistry\\\/images\\\/q_auto:eco\\\/f_auto,q_auto:eco\\\/v1631624371\\\/girl-urban-OurOffset-Reg_and_respondent2021\\\/girl-urban-OurOffset-Reg_and_respondent2021.jpg?_i=AA\",\"width\":1210,\"height\":409,\"caption\":\"Voluntary Carbon Registry | OurOffset Nonprofit LLC.\"},{\"@type\":\"BreadcrumbList\",\"@id\":\"https:\\\/\\\/voluntaryregistry.com\\\/en\\\/#breadcrumb\",\"itemListElement\":[{\"@type\":\"ListItem\",\"position\":1,\"name\":\"Kezd\u0151lap\",\"item\":\"https:\\\/\\\/voluntaryregistry.com\\\/en\\\/\"},{\"@type\":\"ListItem\",\"position\":2,\"name\":\"Voluntary Carbon Registry\"}]},{\"@type\":\"WebSite\",\"@id\":\"https:\\\/\\\/voluntaryregistry.com\\\/#website\",\"url\":\"https:\\\/\\\/voluntaryregistry.com\\\/\",\"name\":\"Voluntary Carbon Registry\",\"description\":\"Platforma sigur\u0103 \u0219i fiabil\u0103 a Registrului OurOffset \u00een parteneriat cu iCC\",\"publisher\":{\"@id\":\"https:\\\/\\\/voluntaryregistry.com\\\/#organization\"},\"potentialAction\":[{\"@type\":\"SearchAction\",\"target\":{\"@type\":\"EntryPoint\",\"urlTemplate\":\"https:\\\/\\\/voluntaryregistry.com\\\/?s={search_term_string}\"},\"query-input\":{\"@type\":\"PropertyValueSpecification\",\"valueRequired\":true,\"valueName\":\"search_term_string\"}}],\"inLanguage\":\"ro-RO\"},{\"@type\":\"Organization\",\"@id\":\"https:\\\/\\\/voluntaryregistry.com\\\/#organization\",\"name\":\"OurOffset Nonprofit LLC.\",\"url\":\"https:\\\/\\\/voluntaryregistry.com\\\/\",\"logo\":{\"@type\":\"ImageObject\",\"inLanguage\":\"ro-RO\",\"@id\":\"https:\\\/\\\/voluntaryregistry.com\\\/#\\\/schema\\\/logo\\\/image\\\/\",\"url\":\"https:\\\/\\\/res.cloudinary.com\\\/voluntaryregistry\\\/images\\\/c_scale,q_auto:eco,w_500\\\/f_auto,q_auto:eco\\\/v1627158303\\\/voluntary_registry\\\/voluntary_registry.png?_i=AA\",\"contentUrl\":\"https:\\\/\\\/res.cloudinary.com\\\/voluntaryregistry\\\/images\\\/c_scale,q_auto:eco,w_500\\\/f_auto,q_auto:eco\\\/v1627158303\\\/voluntary_registry\\\/voluntary_registry.png?_i=AA\",\"width\":500,\"height\":114,\"caption\":\"OurOffset Nonprofit LLC.\"},\"image\":{\"@id\":\"https:\\\/\\\/voluntaryregistry.com\\\/#\\\/schema\\\/logo\\\/image\\\/\"},\"sameAs\":[\"https:\\\/\\\/www.facebook.com\\\/groups\\\/195978027185234\"]}]}<\/script>\n<!-- \/ Yoast SEO plugin. -->","yoast_head_json":{"title":"Voluntary Carbon Registry","description":"Az OurOffset Nonprofit LLC. az \u00fcvegh\u00e1zhat\u00e1s\u00fa g\u00e1zok k\u00f6rnyezetv\u00e9delmi piacainak vezet\u0151 infrastrukt\u00fara-szolg\u00e1ltat\u00f3ja K\u00f6z\u00e9p-Eur\u00f3p\u00e1ban.","robots":{"index":"index","follow":"follow","max-snippet":"max-snippet:-1","max-image-preview":"max-image-preview:large","max-video-preview":"max-video-preview:-1"},"canonical":"https:\/\/voluntaryregistry.com\/ro\/","og_locale":"ro_RO","og_type":"article","og_title":"[:en]Voluntary Carbon Registry[:hu]Voluntary Carbon Registry[:ro]Voluntary Carbon Registry[:] - OurOffset Nonprofit LLC","og_description":"[:en]Az OurOffset Nonprofit LLC. az \u00fcvegh\u00e1zhat\u00e1s\u00fa g\u00e1zok k\u00f6rnyezetv\u00e9delmi piacainak vezet\u0151 infrastrukt\u00fara-szolg\u00e1ltat\u00f3ja K\u00f6z\u00e9p-Eur\u00f3p\u00e1ban.[:hu]Az OurOffset Nonprofit LLC. az \u00fcvegh\u00e1zhat\u00e1s\u00fa g\u00e1zok k\u00f6rnyezetv\u00e9delmi piacainak vezet\u0151 infrastrukt\u00fara-szolg\u00e1ltat\u00f3ja K\u00f6z\u00e9p-Eur\u00f3p\u00e1ban. E rendszerek felhaszn\u00e1l\u00f3i[:ro]Az OurOffset Nonprofit LLC. az \u00fcvegh\u00e1zhat\u00e1s\u00fa g\u00e1zok k\u00f6rnyezetv\u00e9delmi piacainak vezet\u0151 infrastrukt\u00fara-szolg\u00e1ltat\u00f3ja K\u00f6z\u00e9p-Eur\u00f3p\u00e1ban.[:]","og_url":"https:\/\/voluntaryregistry.com\/ro\/","og_site_name":"Voluntary Carbon Registry","article_publisher":"https:\/\/www.facebook.com\/groups\/195978027185234","article_modified_time":"2025-10-08T15:50:14+00:00","og_image":[{"width":1210,"height":409,"url":"https:\/\/res.cloudinary.com\/voluntaryregistry\/images\/q_auto:eco\/f_auto,q_auto:eco\/v1631624371\/girl-urban-OurOffset-Reg_and_respondent2021\/girl-urban-OurOffset-Reg_and_respondent2021.jpg?_i=AA","type":"image\/jpeg"}],"twitter_card":"summary_large_image","twitter_misc":{"Timp estimat pentru citire":"2 minute"},"schema":{"@context":"https:\/\/schema.org","@graph":[{"@type":"WebPage","@id":"https:\/\/voluntaryregistry.com\/en\/","url":"https:\/\/voluntaryregistry.com\/en\/","name":"Voluntary Carbon Registry","isPartOf":{"@id":"https:\/\/voluntaryregistry.com\/#website"},"primaryImageOfPage":{"@id":"https:\/\/voluntaryregistry.com\/en\/#primaryimage"},"image":{"@id":"https:\/\/voluntaryregistry.com\/en\/#primaryimage"},"thumbnailUrl":"https:\/\/res.cloudinary.com\/voluntaryregistry\/images\/q_auto:eco\/f_auto,q_auto:eco\/v1631624371\/girl-urban-OurOffset-Reg_and_respondent2021\/girl-urban-OurOffset-Reg_and_respondent2021.jpg?_i=AA","datePublished":"2021-07-24T17:46:48+00:00","dateModified":"2025-10-08T15:50:14+00:00","description":"Az OurOffset Nonprofit LLC. az \u00fcvegh\u00e1zhat\u00e1s\u00fa g\u00e1zok k\u00f6rnyezetv\u00e9delmi piacainak vezet\u0151 infrastrukt\u00fara-szolg\u00e1ltat\u00f3ja K\u00f6z\u00e9p-Eur\u00f3p\u00e1ban.","breadcrumb":{"@id":"https:\/\/voluntaryregistry.com\/en\/#breadcrumb"},"inLanguage":"ro-RO","potentialAction":[{"@type":"ReadAction","target":["https:\/\/voluntaryregistry.com\/en\/"]}]},{"@type":"ImageObject","inLanguage":"ro-RO","@id":"https:\/\/voluntaryregistry.com\/en\/#primaryimage","url":"https:\/\/res.cloudinary.com\/voluntaryregistry\/images\/q_auto:eco\/f_auto,q_auto:eco\/v1631624371\/girl-urban-OurOffset-Reg_and_respondent2021\/girl-urban-OurOffset-Reg_and_respondent2021.jpg?_i=AA","contentUrl":"https:\/\/res.cloudinary.com\/voluntaryregistry\/images\/q_auto:eco\/f_auto,q_auto:eco\/v1631624371\/girl-urban-OurOffset-Reg_and_respondent2021\/girl-urban-OurOffset-Reg_and_respondent2021.jpg?_i=AA","width":1210,"height":409,"caption":"Voluntary Carbon Registry | OurOffset Nonprofit LLC."},{"@type":"BreadcrumbList","@id":"https:\/\/voluntaryregistry.com\/en\/#breadcrumb","itemListElement":[{"@type":"ListItem","position":1,"name":"Kezd\u0151lap","item":"https:\/\/voluntaryregistry.com\/en\/"},{"@type":"ListItem","position":2,"name":"Voluntary Carbon Registry"}]},{"@type":"WebSite","@id":"https:\/\/voluntaryregistry.com\/#website","url":"https:\/\/voluntaryregistry.com\/","name":"Voluntary Carbon Registry","description":"Platforma sigur\u0103 \u0219i fiabil\u0103 a Registrului OurOffset \u00een parteneriat cu iCC","publisher":{"@id":"https:\/\/voluntaryregistry.com\/#organization"},"potentialAction":[{"@type":"SearchAction","target":{"@type":"EntryPoint","urlTemplate":"https:\/\/voluntaryregistry.com\/?s={search_term_string}"},"query-input":{"@type":"PropertyValueSpecification","valueRequired":true,"valueName":"search_term_string"}}],"inLanguage":"ro-RO"},{"@type":"Organization","@id":"https:\/\/voluntaryregistry.com\/#organization","name":"OurOffset Nonprofit LLC.","url":"https:\/\/voluntaryregistry.com\/","logo":{"@type":"ImageObject","inLanguage":"ro-RO","@id":"https:\/\/voluntaryregistry.com\/#\/schema\/logo\/image\/","url":"https:\/\/res.cloudinary.com\/voluntaryregistry\/images\/c_scale,q_auto:eco,w_500\/f_auto,q_auto:eco\/v1627158303\/voluntary_registry\/voluntary_registry.png?_i=AA","contentUrl":"https:\/\/res.cloudinary.com\/voluntaryregistry\/images\/c_scale,q_auto:eco,w_500\/f_auto,q_auto:eco\/v1627158303\/voluntary_registry\/voluntary_registry.png?_i=AA","width":500,"height":114,"caption":"OurOffset Nonprofit LLC."},"image":{"@id":"https:\/\/voluntaryregistry.com\/#\/schema\/logo\/image\/"},"sameAs":["https:\/\/www.facebook.com\/groups\/195978027185234"]}]}},"_links":{"self":[{"href":"https:\/\/voluntaryregistry.com\/ro\/wp-json\/wp\/v2\/pages\/33","targetHints":{"allow":["GET"]}}],"collection":[{"href":"https:\/\/voluntaryregistry.com\/ro\/wp-json\/wp\/v2\/pages"}],"about":[{"href":"https:\/\/voluntaryregistry.com\/ro\/wp-json\/wp\/v2\/types\/page"}],"author":[{"embeddable":true,"href":"https:\/\/voluntaryregistry.com\/ro\/wp-json\/wp\/v2\/users\/1"}],"replies":[{"embeddable":true,"href":"https:\/\/voluntaryregistry.com\/ro\/wp-json\/wp\/v2\/comments?post=33"}],"version-history":[{"count":3,"href":"https:\/\/voluntaryregistry.com\/ro\/wp-json\/wp\/v2\/pages\/33\/revisions"}],"predecessor-version":[{"id":1027896,"href":"https:\/\/voluntaryregistry.com\/ro\/wp-json\/wp\/v2\/pages\/33\/revisions\/1027896"}],"wp:featuredmedia":[{"embeddable":true,"href":"https:\/\/voluntaryregistry.com\/ro\/wp-json\/wp\/v2\/media\/289"}],"wp:attachment":[{"href":"https:\/\/voluntaryregistry.com\/ro\/wp-json\/wp\/v2\/media?parent=33"}],"wp:term":[{"taxonomy":"category","embeddable":true,"href":"https:\/\/voluntaryregistry.com\/ro\/wp-json\/wp\/v2\/categories?post=33"},{"taxonomy":"post_tag","embeddable":true,"href":"https:\/\/voluntaryregistry.com\/ro\/wp-json\/wp\/v2\/tags?post=33"}],"curies":[{"name":"wp","href":"https:\/\/api.w.org\/{rel}","templated":true}]}}