{"id":406,"date":"2023-05-18T12:34:57","date_gmt":"2023-05-18T10:34:57","guid":{"rendered":"https:\/\/voluntaryregistry.com\/?page_id=406"},"modified":"2023-05-18T13:03:01","modified_gmt":"2023-05-18T11:03:01","slug":"fantom-karbonkreditek","status":"publish","type":"page","link":"https:\/\/voluntaryregistry.com\/ro\/fantom-karbonkreditek\/","title":{"rendered":"Credite de carbon fantom\u0103"},"content":{"rendered":"<h2 style=\"text-align: justify;\"><span style=\"font-size: 14pt;\">Credite de carbon fantom\u0103 este un termen care sugereaz\u0103 c\u0103 existen\u021ba sau impactul anumitor credite de carbon poate fi \u00eendoielnic sau discutabil.<\/span><\/h2>\n<h3 style=\"text-align: justify;\"><span style=\"font-size: 12pt;\">Creditele de carbon sunt credite acordate pentru ac\u021biuni sau proiecte care reduc sau evit\u0103 emisiile de gaze cu efect de ser\u0103. Aceste credite sunt tranzac\u021bionabile pe pie\u021bele de carbon \u0219i sunt utilizate pentru a ajuta emiten\u021bii s\u0103 \u00ee\u0219i reduc\u0103 emisiile.<\/span><\/h3>\n<p style=\"text-align: justify;\">Problema creditelor de carbon fantom\u0103 apare atunci c\u00e2nd proiectele sau m\u0103surile nu reduc \u00een mod demonstrabil emisiile, dar se emit credite pentru acestea. Acest lucru se poate datora faptului c\u0103 rezultatele proiectului sunt dificil de verificat, c\u0103 efectele de reducere a emisiilor sunt supraestimate sau c\u0103 m\u0103sura, \u00een ansamblul ei, nu duce la reduceri efective ale emisiilor.<\/p>\n<p style=\"text-align: justify;\">Aceast\u0103 problem\u0103 este periculoas\u0103, deoarece, prin achizi\u021bionarea sau utilizarea de credite de carbon fantom\u0103, unele organiza\u021bii sau companii pot da impresia fals\u0103 c\u0103 au realizat reduceri semnificative ale emisiilor, c\u00e2nd, de fapt, nu au depus niciun efort real pentru a-\u0219i reduce impactul asupra mediului.<\/p>\n<p style=\"text-align: justify;\">Pentru a evita problema creditelor de carbon fantom\u0103, este important s\u0103 se dezvolte sisteme transparente \u0219i fiabile de credite de carbon care s\u0103 garanteze c\u0103 proiectele reduc efectiv emisiile \u0219i c\u0103 creditele sunt verificabile \u0219i credibile. Astfel de sisteme vor garanta c\u0103, prin mecanisme de verificare eficiente \u0219i standarde stricte, creditele de carbon vor contribui \u00een mod real la lupta \u00eempotriva schimb\u0103rilor climatice.<\/p>\n<p style=\"text-align: justify;\">Compensarea emisiilor de dioxid de carbon prin credite de carbon variaz\u0103 de la bine la r\u0103u. Compensa\u021biile credibile pot contribui la solu\u021bii climatice &#8211; dac\u0103 sunt \u00eenso\u021bite de ac\u021biuni concrete de reducere a emisiilor. Din nefericire, exist\u0103 multe exemple de proiecte de valoare \u00eendoielnic\u0103, a\u0219a c\u0103 este important s\u0103 se verifice credibilitatea acestora. Aceasta nu este o problem\u0103 pentru creditele de carbon din registrele interna\u021bionale. Fiec\u0103rei serii i se atribuie un num\u0103r de identificare, iar documenta\u021bia este disponibil\u0103 la cerere.<\/p>\n<p style=\"text-align: justify;\">Folosirea sau utilizarea de credite de carbon discreditate reprezint\u0103 o \u00een\u0219el\u0103ciune a pie\u021bei \u0219i a autorit\u0103\u021bilor \u0219i constituie o infrac\u021biune penal\u0103.<\/p>\n<p style=\"text-align: right;\"><span style=\"font-size: 8pt;\">L\u00e1szl\u00f3 A. Rampasek<\/span><\/p>\n","protected":false},"excerpt":{"rendered":"<p>Credite de carbon fantom\u0103 este un termen care sugereaz\u0103 c\u0103 existen\u021ba sau impactul anumitor credite de carbon poate fi \u00eendoielnic sau discutabil. Creditele de carbon sunt credite acordate pentru ac\u021biuni sau proiecte care reduc sau evit\u0103 emisiile de gaze cu efect de ser\u0103. Aceste credite sunt tranzac\u021bionabile pe pie\u021bele de carbon \u0219i sunt utilizate pentru a ajuta emiten\u021bii s\u0103 \u00ee\u0219i reduc\u0103 emisiile. Problema creditelor de carbon fantom\u0103 apare atunci c\u00e2nd proiectele sau m\u0103surile nu reduc \u00een mod demonstrabil emisiile, dar se emit credite pentru acestea. Acest lucru se poate datora faptului c\u0103 rezultatele proiectului sunt dificil de verificat, c\u0103 efectele de reducere a emisiilor sunt supraestimate sau c\u0103 m\u0103sura, \u00een ansamblul ei, nu duce la reduceri efective ale emisiilor. Aceast\u0103 problem\u0103 este periculoas\u0103, deoarece, prin achizi\u021bionarea sau utilizarea de credite de carbon fantom\u0103, unele organiza\u021bii sau companii pot da impresia fals\u0103 c\u0103 au realizat reduceri semnificative ale emisiilor, c\u00e2nd, de fapt, nu au depus niciun efort real pentru a-\u0219i reduce impactul asupra mediului. Pentru a evita problema creditelor de carbon fantom\u0103, este important s\u0103 se dezvolte sisteme transparente \u0219i fiabile de credite de carbon care s\u0103 garanteze c\u0103 proiectele reduc efectiv emisiile \u0219i c\u0103 creditele sunt verificabile \u0219i credibile. Astfel de sisteme vor garanta c\u0103, prin mecanisme de verificare eficiente \u0219i standarde stricte, creditele de carbon vor contribui \u00een mod real la lupta \u00eempotriva schimb\u0103rilor climatice. Compensarea emisiilor de dioxid de carbon prin credite de carbon variaz\u0103 de la bine la r\u0103u. Compensa\u021biile credibile pot contribui la solu\u021bii climatice &#8211; dac\u0103 sunt \u00eenso\u021bite de ac\u021biuni concrete de reducere a emisiilor. Din nefericire, exist\u0103 multe exemple de proiecte de valoare \u00eendoielnic\u0103, a\u0219a c\u0103 este important s\u0103 se verifice credibilitatea acestora. Aceasta nu este o problem\u0103 pentru creditele de carbon din registrele interna\u021bionale. Fiec\u0103rei serii i se atribuie un num\u0103r de identificare, iar documenta\u021bia este disponibil\u0103 la cerere. Folosirea sau utilizarea de credite de carbon discreditate reprezint\u0103 o \u00een\u0219el\u0103ciune a pie\u021bei \u0219i a autorit\u0103\u021bilor \u0219i constituie o infrac\u021biune penal\u0103. L\u00e1szl\u00f3 A. Rampasek<\/p>\n","protected":false},"author":1,"featured_media":407,"parent":0,"menu_order":0,"comment_status":"closed","ping_status":"closed","template":"","meta":{"_cloudinary_featured_overwrite":false,"footnotes":""},"categories":[1],"tags":[],"class_list":["post-406","page","type-page","status-publish","has-post-thumbnail","hentry","category-voluntary-carbon-registry"],"yoast_head":"<!-- This site is optimized with the Yoast SEO plugin v27.4 - https:\/\/yoast.com\/product\/yoast-seo-wordpress\/ -->\n<title>Credite de carbon fantom\u0103<\/title>\n<meta name=\"description\" content=\"A fantom karbonkreditek (angolul: phantom carbon credits) olyan fogalom, amely arra utal, hogy bizonyos karbonkreditek l\u00e9tez\u00e9se vagy hat\u00e1sa\" \/>\n<meta name=\"robots\" content=\"index, follow, max-snippet:-1, max-image-preview:large, max-video-preview:-1\" \/>\n<link rel=\"canonical\" href=\"https:\/\/voluntaryregistry.com\/ro\/fantom-karbonkreditek\/\" \/>\n<meta property=\"og:locale\" content=\"ro_RO\" \/>\n<meta property=\"og:locale:alternate\" content=\"en_US\" \/>\n<meta property=\"og:locale:alternate\" content=\"hu_HU\" \/>\n<meta property=\"og:type\" content=\"article\" \/>\n<meta property=\"og:title\" content=\"Credite de carbon fantom\u0103\" \/>\n<meta property=\"og:description\" content=\"A fantom karbonkreditek (angolul: phantom carbon credits) olyan fogalom, amely arra utal, hogy bizonyos karbonkreditek l\u00e9tez\u00e9se vagy hat\u00e1sa\" \/>\n<meta property=\"og:url\" content=\"https:\/\/voluntaryregistry.com\/ro\/fantom-karbonkreditek\/\" \/>\n<meta property=\"og:site_name\" content=\"Voluntary Carbon Registry\" \/>\n<meta property=\"article:publisher\" content=\"https:\/\/www.facebook.com\/groups\/195978027185234\" \/>\n<meta property=\"article:modified_time\" content=\"2023-05-18T11:03:01+00:00\" \/>\n<meta property=\"og:image\" content=\"https:\/\/res.cloudinary.com\/voluntaryregistry\/images\/f_auto,q_auto:eco\/v1693841966\/CarbonCredit_phantom\/CarbonCredit_phantom.jpg?_i=AA\" \/>\n\t<meta property=\"og:image:width\" content=\"923\" \/>\n\t<meta property=\"og:image:height\" content=\"519\" \/>\n\t<meta property=\"og:image:type\" content=\"image\/jpeg\" \/>\n<meta name=\"twitter:card\" content=\"summary_large_image\" \/>\n<meta name=\"twitter:label1\" content=\"Timp estimat pentru citire\" \/>\n\t<meta name=\"twitter:data1\" content=\"2 minute\" \/>\n<script type=\"application\/ld+json\" class=\"yoast-schema-graph\">{\"@context\":\"https:\\\/\\\/schema.org\",\"@graph\":[{\"@type\":\"WebPage\",\"@id\":\"https:\\\/\\\/voluntaryregistry.com\\\/fantom-karbonkreditek\\\/\",\"url\":\"https:\\\/\\\/voluntaryregistry.com\\\/fantom-karbonkreditek\\\/\",\"name\":\"Credite de carbon fantom\u0103\",\"isPartOf\":{\"@id\":\"https:\\\/\\\/voluntaryregistry.com\\\/#website\"},\"primaryImageOfPage\":{\"@id\":\"https:\\\/\\\/voluntaryregistry.com\\\/fantom-karbonkreditek\\\/#primaryimage\"},\"image\":{\"@id\":\"https:\\\/\\\/voluntaryregistry.com\\\/fantom-karbonkreditek\\\/#primaryimage\"},\"thumbnailUrl\":\"https:\\\/\\\/res.cloudinary.com\\\/voluntaryregistry\\\/images\\\/f_auto,q_auto:eco\\\/v1693841966\\\/CarbonCredit_phantom\\\/CarbonCredit_phantom.jpg?_i=AA\",\"datePublished\":\"2023-05-18T10:34:57+00:00\",\"dateModified\":\"2023-05-18T11:03:01+00:00\",\"description\":\"A fantom karbonkreditek (angolul: phantom carbon credits) olyan fogalom, amely arra utal, hogy bizonyos karbonkreditek l\u00e9tez\u00e9se vagy hat\u00e1sa\",\"breadcrumb\":{\"@id\":\"https:\\\/\\\/voluntaryregistry.com\\\/fantom-karbonkreditek\\\/#breadcrumb\"},\"inLanguage\":\"ro-RO\",\"potentialAction\":[{\"@type\":\"ReadAction\",\"target\":[\"https:\\\/\\\/voluntaryregistry.com\\\/fantom-karbonkreditek\\\/\"]}]},{\"@type\":\"ImageObject\",\"inLanguage\":\"ro-RO\",\"@id\":\"https:\\\/\\\/voluntaryregistry.com\\\/fantom-karbonkreditek\\\/#primaryimage\",\"url\":\"https:\\\/\\\/res.cloudinary.com\\\/voluntaryregistry\\\/images\\\/f_auto,q_auto:eco\\\/v1693841966\\\/CarbonCredit_phantom\\\/CarbonCredit_phantom.jpg?_i=AA\",\"contentUrl\":\"https:\\\/\\\/res.cloudinary.com\\\/voluntaryregistry\\\/images\\\/f_auto,q_auto:eco\\\/v1693841966\\\/CarbonCredit_phantom\\\/CarbonCredit_phantom.jpg?_i=AA\",\"width\":923,\"height\":519,\"caption\":\"Fantom karbonkreditek\"},{\"@type\":\"BreadcrumbList\",\"@id\":\"https:\\\/\\\/voluntaryregistry.com\\\/fantom-karbonkreditek\\\/#breadcrumb\",\"itemListElement\":[{\"@type\":\"ListItem\",\"position\":1,\"name\":\"Kezd\u0151lap\",\"item\":\"https:\\\/\\\/voluntaryregistry.com\\\/en\\\/\"},{\"@type\":\"ListItem\",\"position\":2,\"name\":\"Fantom karbonkreditek\"}]},{\"@type\":\"WebSite\",\"@id\":\"https:\\\/\\\/voluntaryregistry.com\\\/#website\",\"url\":\"https:\\\/\\\/voluntaryregistry.com\\\/\",\"name\":\"Voluntary Carbon Registry\",\"description\":\"Platforma sigur\u0103 \u0219i fiabil\u0103 a Registrului OurOffset \u00een parteneriat cu iCC\",\"publisher\":{\"@id\":\"https:\\\/\\\/voluntaryregistry.com\\\/#organization\"},\"potentialAction\":[{\"@type\":\"SearchAction\",\"target\":{\"@type\":\"EntryPoint\",\"urlTemplate\":\"https:\\\/\\\/voluntaryregistry.com\\\/?s={search_term_string}\"},\"query-input\":{\"@type\":\"PropertyValueSpecification\",\"valueRequired\":true,\"valueName\":\"search_term_string\"}}],\"inLanguage\":\"ro-RO\"},{\"@type\":\"Organization\",\"@id\":\"https:\\\/\\\/voluntaryregistry.com\\\/#organization\",\"name\":\"OurOffset Nonprofit LLC.\",\"url\":\"https:\\\/\\\/voluntaryregistry.com\\\/\",\"logo\":{\"@type\":\"ImageObject\",\"inLanguage\":\"ro-RO\",\"@id\":\"https:\\\/\\\/voluntaryregistry.com\\\/#\\\/schema\\\/logo\\\/image\\\/\",\"url\":\"https:\\\/\\\/res.cloudinary.com\\\/voluntaryregistry\\\/images\\\/c_scale,q_auto:eco,w_500\\\/f_auto,q_auto:eco\\\/v1627158303\\\/voluntary_registry\\\/voluntary_registry.png?_i=AA\",\"contentUrl\":\"https:\\\/\\\/res.cloudinary.com\\\/voluntaryregistry\\\/images\\\/c_scale,q_auto:eco,w_500\\\/f_auto,q_auto:eco\\\/v1627158303\\\/voluntary_registry\\\/voluntary_registry.png?_i=AA\",\"width\":500,\"height\":114,\"caption\":\"OurOffset Nonprofit LLC.\"},\"image\":{\"@id\":\"https:\\\/\\\/voluntaryregistry.com\\\/#\\\/schema\\\/logo\\\/image\\\/\"},\"sameAs\":[\"https:\\\/\\\/www.facebook.com\\\/groups\\\/195978027185234\"]}]}<\/script>\n<!-- \/ Yoast SEO plugin. -->","yoast_head_json":{"title":"Credite de carbon fantom\u0103","description":"A fantom karbonkreditek (angolul: phantom carbon credits) olyan fogalom, amely arra utal, hogy bizonyos karbonkreditek l\u00e9tez\u00e9se vagy hat\u00e1sa","robots":{"index":"index","follow":"follow","max-snippet":"max-snippet:-1","max-image-preview":"max-image-preview:large","max-video-preview":"max-video-preview:-1"},"canonical":"https:\/\/voluntaryregistry.com\/ro\/fantom-karbonkreditek\/","og_locale":"ro_RO","og_type":"article","og_title":"[:en]Phantom carbon credits[:hu]Fantom karbonkreditek[:ro]Credite de carbon fantom\u0103[:] - Voluntary Carbon Registry","og_description":"A fantom karbonkreditek (angolul: phantom carbon credits) olyan fogalom, amely arra utal, hogy bizonyos karbonkreditek l\u00e9tez\u00e9se vagy hat\u00e1sa","og_url":"https:\/\/voluntaryregistry.com\/ro\/fantom-karbonkreditek\/","og_site_name":"Voluntary Carbon Registry","article_publisher":"https:\/\/www.facebook.com\/groups\/195978027185234","article_modified_time":"2023-05-18T11:03:01+00:00","og_image":[{"width":923,"height":519,"url":"https:\/\/res.cloudinary.com\/voluntaryregistry\/images\/f_auto,q_auto:eco\/v1693841966\/CarbonCredit_phantom\/CarbonCredit_phantom.jpg?_i=AA","type":"image\/jpeg"}],"twitter_card":"summary_large_image","twitter_misc":{"Timp estimat pentru citire":"2 minute"},"schema":{"@context":"https:\/\/schema.org","@graph":[{"@type":"WebPage","@id":"https:\/\/voluntaryregistry.com\/fantom-karbonkreditek\/","url":"https:\/\/voluntaryregistry.com\/fantom-karbonkreditek\/","name":"Credite de carbon fantom\u0103","isPartOf":{"@id":"https:\/\/voluntaryregistry.com\/#website"},"primaryImageOfPage":{"@id":"https:\/\/voluntaryregistry.com\/fantom-karbonkreditek\/#primaryimage"},"image":{"@id":"https:\/\/voluntaryregistry.com\/fantom-karbonkreditek\/#primaryimage"},"thumbnailUrl":"https:\/\/res.cloudinary.com\/voluntaryregistry\/images\/f_auto,q_auto:eco\/v1693841966\/CarbonCredit_phantom\/CarbonCredit_phantom.jpg?_i=AA","datePublished":"2023-05-18T10:34:57+00:00","dateModified":"2023-05-18T11:03:01+00:00","description":"A fantom karbonkreditek (angolul: phantom carbon credits) olyan fogalom, amely arra utal, hogy bizonyos karbonkreditek l\u00e9tez\u00e9se vagy hat\u00e1sa","breadcrumb":{"@id":"https:\/\/voluntaryregistry.com\/fantom-karbonkreditek\/#breadcrumb"},"inLanguage":"ro-RO","potentialAction":[{"@type":"ReadAction","target":["https:\/\/voluntaryregistry.com\/fantom-karbonkreditek\/"]}]},{"@type":"ImageObject","inLanguage":"ro-RO","@id":"https:\/\/voluntaryregistry.com\/fantom-karbonkreditek\/#primaryimage","url":"https:\/\/res.cloudinary.com\/voluntaryregistry\/images\/f_auto,q_auto:eco\/v1693841966\/CarbonCredit_phantom\/CarbonCredit_phantom.jpg?_i=AA","contentUrl":"https:\/\/res.cloudinary.com\/voluntaryregistry\/images\/f_auto,q_auto:eco\/v1693841966\/CarbonCredit_phantom\/CarbonCredit_phantom.jpg?_i=AA","width":923,"height":519,"caption":"Fantom karbonkreditek"},{"@type":"BreadcrumbList","@id":"https:\/\/voluntaryregistry.com\/fantom-karbonkreditek\/#breadcrumb","itemListElement":[{"@type":"ListItem","position":1,"name":"Kezd\u0151lap","item":"https:\/\/voluntaryregistry.com\/en\/"},{"@type":"ListItem","position":2,"name":"Fantom karbonkreditek"}]},{"@type":"WebSite","@id":"https:\/\/voluntaryregistry.com\/#website","url":"https:\/\/voluntaryregistry.com\/","name":"Voluntary Carbon Registry","description":"Platforma sigur\u0103 \u0219i fiabil\u0103 a Registrului OurOffset \u00een parteneriat cu iCC","publisher":{"@id":"https:\/\/voluntaryregistry.com\/#organization"},"potentialAction":[{"@type":"SearchAction","target":{"@type":"EntryPoint","urlTemplate":"https:\/\/voluntaryregistry.com\/?s={search_term_string}"},"query-input":{"@type":"PropertyValueSpecification","valueRequired":true,"valueName":"search_term_string"}}],"inLanguage":"ro-RO"},{"@type":"Organization","@id":"https:\/\/voluntaryregistry.com\/#organization","name":"OurOffset Nonprofit LLC.","url":"https:\/\/voluntaryregistry.com\/","logo":{"@type":"ImageObject","inLanguage":"ro-RO","@id":"https:\/\/voluntaryregistry.com\/#\/schema\/logo\/image\/","url":"https:\/\/res.cloudinary.com\/voluntaryregistry\/images\/c_scale,q_auto:eco,w_500\/f_auto,q_auto:eco\/v1627158303\/voluntary_registry\/voluntary_registry.png?_i=AA","contentUrl":"https:\/\/res.cloudinary.com\/voluntaryregistry\/images\/c_scale,q_auto:eco,w_500\/f_auto,q_auto:eco\/v1627158303\/voluntary_registry\/voluntary_registry.png?_i=AA","width":500,"height":114,"caption":"OurOffset Nonprofit LLC."},"image":{"@id":"https:\/\/voluntaryregistry.com\/#\/schema\/logo\/image\/"},"sameAs":["https:\/\/www.facebook.com\/groups\/195978027185234"]}]}},"_links":{"self":[{"href":"https:\/\/voluntaryregistry.com\/ro\/wp-json\/wp\/v2\/pages\/406","targetHints":{"allow":["GET"]}}],"collection":[{"href":"https:\/\/voluntaryregistry.com\/ro\/wp-json\/wp\/v2\/pages"}],"about":[{"href":"https:\/\/voluntaryregistry.com\/ro\/wp-json\/wp\/v2\/types\/page"}],"author":[{"embeddable":true,"href":"https:\/\/voluntaryregistry.com\/ro\/wp-json\/wp\/v2\/users\/1"}],"replies":[{"embeddable":true,"href":"https:\/\/voluntaryregistry.com\/ro\/wp-json\/wp\/v2\/comments?post=406"}],"version-history":[{"count":0,"href":"https:\/\/voluntaryregistry.com\/ro\/wp-json\/wp\/v2\/pages\/406\/revisions"}],"wp:featuredmedia":[{"embeddable":true,"href":"https:\/\/voluntaryregistry.com\/ro\/wp-json\/wp\/v2\/media\/407"}],"wp:attachment":[{"href":"https:\/\/voluntaryregistry.com\/ro\/wp-json\/wp\/v2\/media?parent=406"}],"wp:term":[{"taxonomy":"category","embeddable":true,"href":"https:\/\/voluntaryregistry.com\/ro\/wp-json\/wp\/v2\/categories?post=406"},{"taxonomy":"post_tag","embeddable":true,"href":"https:\/\/voluntaryregistry.com\/ro\/wp-json\/wp\/v2\/tags?post=406"}],"curies":[{"name":"wp","href":"https:\/\/api.w.org\/{rel}","templated":true}]}}