{"id":426,"date":"2023-09-04T17:19:03","date_gmt":"2023-09-04T15:19:03","guid":{"rendered":"https:\/\/voluntaryregistry.com\/?page_id=426"},"modified":"2023-09-04T17:41:01","modified_gmt":"2023-09-04T15:41:01","slug":"rolunk","status":"publish","type":"page","link":"https:\/\/voluntaryregistry.com\/ro\/rolunk\/","title":{"rendered":"Despre noi"},"content":{"rendered":"<p style=\"text-align: justify;\">\u00cenregistratoarele voluntare de pe pia\u021ba carbonului sunt organiza\u021bii sau platforme care permit companiilor sau indivizilor s\u0103 reduc\u0103 sau s\u0103 compenseze voluntar emisiile lor de dioxid de carbon. Aceste \u00eenregistratoare ac\u021bioneaz\u0103 \u00een general ca intermediari \u00eentre emi\u021b\u0103tori \u0219i proiectele care ofer\u0103 credite de carbon.<\/p>\n<p><img width=\"976\" height=\"172\" data-public-id=\"ouroffset_logo_web\/ouroffset_logo_web.png\" loading=\"lazy\" decoding=\"async\" class=\"aligncenter wp-post-426 wp-image-437 size-full\" title=\"Despre noi - OurOffset\" src=\"https:\/\/res.cloudinary.com\/voluntaryregistry\/images\/w_976,h_172,c_scale\/f_auto,q_auto:eco\/v1693841847\/ouroffset_logo_web\/ouroffset_logo_web.png?_i=AA\" alt=\"Despre noi - OurOffset\" data-format=\"png\" data-transformations=\"f_auto,q_auto:eco\" data-version=\"1693841847\" data-seo=\"1\" data-responsive=\"1\" srcset=\"https:\/\/res.cloudinary.com\/voluntaryregistry\/images\/w_976,h_172,c_scale\/f_auto,q_auto:eco\/v1693841847\/ouroffset_logo_web\/ouroffset_logo_web.png?_i=AA 976w, https:\/\/res.cloudinary.com\/voluntaryregistry\/images\/w_960,h_169,c_scale\/f_auto,q_auto:eco\/v1693841847\/ouroffset_logo_web\/ouroffset_logo_web.png?_i=AA 960w, https:\/\/res.cloudinary.com\/voluntaryregistry\/images\/w_880,h_155,c_scale\/f_auto,q_auto:eco\/v1693841847\/ouroffset_logo_web\/ouroffset_logo_web.png?_i=AA 880w, https:\/\/res.cloudinary.com\/voluntaryregistry\/images\/w_800,h_140,c_scale\/f_auto,q_auto:eco\/v1693841847\/ouroffset_logo_web\/ouroffset_logo_web.png?_i=AA 800w\" sizes=\"(max-width: 976px) 100vw, 976px\" \/><\/p>\n<h4 style=\"text-align: justify;\">Iat\u0103 c\u00e2teva informa\u021bii despre subiect:<\/h4>\n<p style=\"text-align: justify;\"><strong>Credite de carbon:<\/strong> \u00cenregistratoarele voluntare de pe pia\u021ba carbonului permit companiilor sau persoanelor fizice s\u0103 achizi\u021bioneze credite de carbon din proiecte care reduc sau compenseaz\u0103 emisiile de dioxid de carbon. Aceste proiecte pot include activit\u0103\u021bi precum refacerea p\u0103durilor, produc\u021bia de energie regenerabil\u0103 sau alte practici sustenabile.<\/p>\n<p style=\"text-align: justify;\"><strong>M\u0103surare \u0219i evaluare:<\/strong> \u00cen general, \u00eenregistratoarele voluntare ofer\u0103 posibilit\u0103\u021bi de m\u0103surare \u0219i evaluare a emisiilor. Acestea ajut\u0103 companiile sau indivizii s\u0103 determine c\u00e2t dioxid de carbon emit \u00een cadrul activit\u0103\u021bilor lor \u0219i ce m\u0103suri pot fi luate pentru a reduce sau compensa aceste emisii.<\/p>\n<p style=\"text-align: justify;\"><strong>Conexiune pe pia\u021b\u0103:<\/strong> \u00cenregistratoarele voluntare de pe pia\u021ba carbonului creeaz\u0103 platforme \u00een care pot avea loc tranzac\u021bii \u00eentre emi\u021b\u0103tori \u0219i proiectele implicate \u00een reducerea sau compensarea emisiilor. Acest lucru contribuie la sus\u021binerea ini\u021biativelor sustenabile \u0219i la promovarea ac\u021biunilor prietenoase cu mediul \u00eenconjur\u0103tor.<\/p>\n<p style=\"text-align: justify;\"><strong>Reglementare \u0219i certific\u0103ri:<\/strong> Unele \u00eenregistratoare voluntare emit certificate care atest\u0103 eforturile de reducere sau compensare a emisiilor.<\/p>\n","protected":false},"excerpt":{"rendered":"<p>\u00cenregistratoarele voluntare de pe pia\u021ba carbonului sunt organiza\u021bii sau platforme care permit companiilor sau indivizilor s\u0103 reduc\u0103 sau s\u0103 compenseze voluntar emisiile lor de dioxid de carbon. Aceste \u00eenregistratoare ac\u021bioneaz\u0103 \u00een general ca intermediari \u00eentre emi\u021b\u0103tori \u0219i proiectele care ofer\u0103 credite de carbon. Iat\u0103 c\u00e2teva informa\u021bii despre subiect: Credite de carbon: \u00cenregistratoarele voluntare de pe pia\u021ba carbonului permit companiilor sau persoanelor fizice s\u0103 achizi\u021bioneze credite de carbon din proiecte care reduc sau compenseaz\u0103 emisiile de dioxid de carbon. Aceste proiecte pot include activit\u0103\u021bi precum refacerea p\u0103durilor, produc\u021bia de energie regenerabil\u0103 sau alte practici sustenabile. M\u0103surare \u0219i evaluare: \u00cen general, \u00eenregistratoarele voluntare ofer\u0103 posibilit\u0103\u021bi de m\u0103surare \u0219i evaluare a emisiilor. Acestea ajut\u0103 companiile sau indivizii s\u0103 determine c\u00e2t dioxid de carbon emit \u00een cadrul activit\u0103\u021bilor lor \u0219i ce m\u0103suri pot fi luate pentru a reduce sau compensa aceste emisii. Conexiune pe pia\u021b\u0103: \u00cenregistratoarele voluntare de pe pia\u021ba carbonului creeaz\u0103 platforme \u00een care pot avea loc tranzac\u021bii \u00eentre emi\u021b\u0103tori \u0219i proiectele implicate \u00een reducerea sau compensarea emisiilor. Acest lucru contribuie la sus\u021binerea ini\u021biativelor sustenabile \u0219i la promovarea ac\u021biunilor prietenoase cu mediul \u00eenconjur\u0103tor. Reglementare \u0219i certific\u0103ri: Unele \u00eenregistratoare voluntare emit certificate care atest\u0103 eforturile de reducere sau compensare a emisiilor.<\/p>\n","protected":false},"author":1,"featured_media":0,"parent":0,"menu_order":0,"comment_status":"closed","ping_status":"closed","template":"","meta":{"_cloudinary_featured_overwrite":false,"footnotes":""},"categories":[1],"tags":[],"class_list":["post-426","page","type-page","status-publish","hentry","category-voluntary-carbon-registry"],"yoast_head":"<!-- This site is optimized with the Yoast SEO plugin v27.4 - https:\/\/yoast.com\/product\/yoast-seo-wordpress\/ -->\n<title>Despre noi<\/title>\n<meta name=\"description\" content=\"\u00cenregistratoarele voluntare de pe pia\u021ba carbonului sunt organiza\u021bii sau platforme care permit companiilor sau indivizilor s\u0103 reduc\u0103 sau s\u0103\" \/>\n<meta name=\"robots\" content=\"index, follow, max-snippet:-1, max-image-preview:large, max-video-preview:-1\" \/>\n<link rel=\"canonical\" href=\"https:\/\/voluntaryregistry.com\/ro\/rolunk\/\" \/>\n<meta property=\"og:locale\" content=\"ro_RO\" \/>\n<meta property=\"og:locale:alternate\" content=\"en_US\" \/>\n<meta property=\"og:locale:alternate\" content=\"hu_HU\" \/>\n<meta property=\"og:type\" content=\"article\" \/>\n<meta property=\"og:title\" content=\"Despre noi\" \/>\n<meta property=\"og:description\" content=\"\u00cenregistratoarele voluntare de pe pia\u021ba carbonului sunt organiza\u021bii sau platforme care permit companiilor sau indivizilor s\u0103 reduc\u0103 sau s\u0103\" \/>\n<meta property=\"og:url\" content=\"https:\/\/voluntaryregistry.com\/ro\/rolunk\/\" \/>\n<meta property=\"og:site_name\" content=\"Voluntary Carbon Registry\" \/>\n<meta property=\"article:publisher\" content=\"https:\/\/www.facebook.com\/groups\/195978027185234\" \/>\n<meta property=\"article:modified_time\" content=\"2023-09-04T15:41:01+00:00\" \/>\n<meta property=\"og:image\" content=\"https:\/\/res.cloudinary.com\/voluntaryregistry\/images\/f_auto,q_auto:eco\/v1693841847\/ouroffset_logo_web\/ouroffset_logo_web.png?_i=AA\" \/>\n<meta name=\"twitter:card\" content=\"summary_large_image\" \/>\n<meta name=\"twitter:label1\" content=\"Timp estimat pentru citire\" \/>\n\t<meta name=\"twitter:data1\" content=\"2 minute\" \/>\n<script type=\"application\/ld+json\" class=\"yoast-schema-graph\">{\"@context\":\"https:\\\/\\\/schema.org\",\"@graph\":[{\"@type\":\"WebPage\",\"@id\":\"https:\\\/\\\/voluntaryregistry.com\\\/en\\\/rolunk\\\/\",\"url\":\"https:\\\/\\\/voluntaryregistry.com\\\/en\\\/rolunk\\\/\",\"name\":\"Despre noi\",\"isPartOf\":{\"@id\":\"https:\\\/\\\/voluntaryregistry.com\\\/#website\"},\"primaryImageOfPage\":{\"@id\":\"https:\\\/\\\/voluntaryregistry.com\\\/en\\\/rolunk\\\/#primaryimage\"},\"image\":{\"@id\":\"https:\\\/\\\/voluntaryregistry.com\\\/en\\\/rolunk\\\/#primaryimage\"},\"thumbnailUrl\":\"https:\\\/\\\/res.cloudinary.com\\\/voluntaryregistry\\\/images\\\/f_auto,q_auto:eco\\\/v1693841847\\\/ouroffset_logo_web\\\/ouroffset_logo_web.png?_i=AA\",\"datePublished\":\"2023-09-04T15:19:03+00:00\",\"dateModified\":\"2023-09-04T15:41:01+00:00\",\"description\":\"\u00cenregistratoarele voluntare de pe pia\u021ba carbonului sunt organiza\u021bii sau platforme care permit companiilor sau indivizilor s\u0103 reduc\u0103 sau s\u0103\",\"breadcrumb\":{\"@id\":\"https:\\\/\\\/voluntaryregistry.com\\\/en\\\/rolunk\\\/#breadcrumb\"},\"inLanguage\":\"ro-RO\",\"potentialAction\":[{\"@type\":\"ReadAction\",\"target\":[\"https:\\\/\\\/voluntaryregistry.com\\\/en\\\/rolunk\\\/\"]}]},{\"@type\":\"ImageObject\",\"inLanguage\":\"ro-RO\",\"@id\":\"https:\\\/\\\/voluntaryregistry.com\\\/en\\\/rolunk\\\/#primaryimage\",\"url\":\"https:\\\/\\\/res.cloudinary.com\\\/voluntaryregistry\\\/images\\\/f_auto,q_auto:eco\\\/v1693841847\\\/ouroffset_logo_web\\\/ouroffset_logo_web.png?_i=AA\",\"contentUrl\":\"https:\\\/\\\/res.cloudinary.com\\\/voluntaryregistry\\\/images\\\/f_auto,q_auto:eco\\\/v1693841847\\\/ouroffset_logo_web\\\/ouroffset_logo_web.png?_i=AA\"},{\"@type\":\"BreadcrumbList\",\"@id\":\"https:\\\/\\\/voluntaryregistry.com\\\/en\\\/rolunk\\\/#breadcrumb\",\"itemListElement\":[{\"@type\":\"ListItem\",\"position\":1,\"name\":\"Kezd\u0151lap\",\"item\":\"https:\\\/\\\/voluntaryregistry.com\\\/en\\\/\"},{\"@type\":\"ListItem\",\"position\":2,\"name\":\"About\"}]},{\"@type\":\"WebSite\",\"@id\":\"https:\\\/\\\/voluntaryregistry.com\\\/#website\",\"url\":\"https:\\\/\\\/voluntaryregistry.com\\\/\",\"name\":\"Voluntary Carbon Registry\",\"description\":\"Platforma sigur\u0103 \u0219i fiabil\u0103 a Registrului OurOffset \u00een parteneriat cu iCC\",\"publisher\":{\"@id\":\"https:\\\/\\\/voluntaryregistry.com\\\/#organization\"},\"potentialAction\":[{\"@type\":\"SearchAction\",\"target\":{\"@type\":\"EntryPoint\",\"urlTemplate\":\"https:\\\/\\\/voluntaryregistry.com\\\/?s={search_term_string}\"},\"query-input\":{\"@type\":\"PropertyValueSpecification\",\"valueRequired\":true,\"valueName\":\"search_term_string\"}}],\"inLanguage\":\"ro-RO\"},{\"@type\":\"Organization\",\"@id\":\"https:\\\/\\\/voluntaryregistry.com\\\/#organization\",\"name\":\"OurOffset Nonprofit LLC.\",\"url\":\"https:\\\/\\\/voluntaryregistry.com\\\/\",\"logo\":{\"@type\":\"ImageObject\",\"inLanguage\":\"ro-RO\",\"@id\":\"https:\\\/\\\/voluntaryregistry.com\\\/#\\\/schema\\\/logo\\\/image\\\/\",\"url\":\"https:\\\/\\\/res.cloudinary.com\\\/voluntaryregistry\\\/images\\\/c_scale,q_auto:eco,w_500\\\/f_auto,q_auto:eco\\\/v1627158303\\\/voluntary_registry\\\/voluntary_registry.png?_i=AA\",\"contentUrl\":\"https:\\\/\\\/res.cloudinary.com\\\/voluntaryregistry\\\/images\\\/c_scale,q_auto:eco,w_500\\\/f_auto,q_auto:eco\\\/v1627158303\\\/voluntary_registry\\\/voluntary_registry.png?_i=AA\",\"width\":500,\"height\":114,\"caption\":\"OurOffset Nonprofit LLC.\"},\"image\":{\"@id\":\"https:\\\/\\\/voluntaryregistry.com\\\/#\\\/schema\\\/logo\\\/image\\\/\"},\"sameAs\":[\"https:\\\/\\\/www.facebook.com\\\/groups\\\/195978027185234\"]}]}<\/script>\n<!-- \/ Yoast SEO plugin. -->","yoast_head_json":{"title":"Despre noi","description":"\u00cenregistratoarele voluntare de pe pia\u021ba carbonului sunt organiza\u021bii sau platforme care permit companiilor sau indivizilor s\u0103 reduc\u0103 sau s\u0103","robots":{"index":"index","follow":"follow","max-snippet":"max-snippet:-1","max-image-preview":"max-image-preview:large","max-video-preview":"max-video-preview:-1"},"canonical":"https:\/\/voluntaryregistry.com\/ro\/rolunk\/","og_locale":"ro_RO","og_type":"article","og_title":"[:en]About[:hu]R\u00f3lunk[:ro]Despre noi[:] - Voluntary Carbon Registry","og_description":"[:en]Voluntary carbon market registrars are organizations or platforms that enable companies or individuals to voluntarily reduce or offset their[:hu]Az \u00f6nk\u00e9ntes karbonpiaci regisztr\u00e1torok olyan szervezetek vagy platformok, amelyek lehet\u0151v\u00e9 teszik v\u00e1llalatok vagy egy\u00e9nek sz\u00e1m\u00e1ra, hogy ...[:ro]\u00cenregistratoarele voluntare de pe pia\u021ba carbonului sunt organiza\u021bii sau platforme care permit companiilor sau indivizilor s\u0103 reduc\u0103 sau s\u0103[:]","og_url":"https:\/\/voluntaryregistry.com\/ro\/rolunk\/","og_site_name":"Voluntary Carbon Registry","article_publisher":"https:\/\/www.facebook.com\/groups\/195978027185234","article_modified_time":"2023-09-04T15:41:01+00:00","og_image":[{"url":"https:\/\/res.cloudinary.com\/voluntaryregistry\/images\/f_auto,q_auto:eco\/v1693841847\/ouroffset_logo_web\/ouroffset_logo_web.png?_i=AA","type":"","width":"","height":""}],"twitter_card":"summary_large_image","twitter_misc":{"Timp estimat pentru citire":"2 minute"},"schema":{"@context":"https:\/\/schema.org","@graph":[{"@type":"WebPage","@id":"https:\/\/voluntaryregistry.com\/en\/rolunk\/","url":"https:\/\/voluntaryregistry.com\/en\/rolunk\/","name":"Despre noi","isPartOf":{"@id":"https:\/\/voluntaryregistry.com\/#website"},"primaryImageOfPage":{"@id":"https:\/\/voluntaryregistry.com\/en\/rolunk\/#primaryimage"},"image":{"@id":"https:\/\/voluntaryregistry.com\/en\/rolunk\/#primaryimage"},"thumbnailUrl":"https:\/\/res.cloudinary.com\/voluntaryregistry\/images\/f_auto,q_auto:eco\/v1693841847\/ouroffset_logo_web\/ouroffset_logo_web.png?_i=AA","datePublished":"2023-09-04T15:19:03+00:00","dateModified":"2023-09-04T15:41:01+00:00","description":"\u00cenregistratoarele voluntare de pe pia\u021ba carbonului sunt organiza\u021bii sau platforme care permit companiilor sau indivizilor s\u0103 reduc\u0103 sau s\u0103","breadcrumb":{"@id":"https:\/\/voluntaryregistry.com\/en\/rolunk\/#breadcrumb"},"inLanguage":"ro-RO","potentialAction":[{"@type":"ReadAction","target":["https:\/\/voluntaryregistry.com\/en\/rolunk\/"]}]},{"@type":"ImageObject","inLanguage":"ro-RO","@id":"https:\/\/voluntaryregistry.com\/en\/rolunk\/#primaryimage","url":"https:\/\/res.cloudinary.com\/voluntaryregistry\/images\/f_auto,q_auto:eco\/v1693841847\/ouroffset_logo_web\/ouroffset_logo_web.png?_i=AA","contentUrl":"https:\/\/res.cloudinary.com\/voluntaryregistry\/images\/f_auto,q_auto:eco\/v1693841847\/ouroffset_logo_web\/ouroffset_logo_web.png?_i=AA"},{"@type":"BreadcrumbList","@id":"https:\/\/voluntaryregistry.com\/en\/rolunk\/#breadcrumb","itemListElement":[{"@type":"ListItem","position":1,"name":"Kezd\u0151lap","item":"https:\/\/voluntaryregistry.com\/en\/"},{"@type":"ListItem","position":2,"name":"About"}]},{"@type":"WebSite","@id":"https:\/\/voluntaryregistry.com\/#website","url":"https:\/\/voluntaryregistry.com\/","name":"Voluntary Carbon Registry","description":"Platforma sigur\u0103 \u0219i fiabil\u0103 a Registrului OurOffset \u00een parteneriat cu iCC","publisher":{"@id":"https:\/\/voluntaryregistry.com\/#organization"},"potentialAction":[{"@type":"SearchAction","target":{"@type":"EntryPoint","urlTemplate":"https:\/\/voluntaryregistry.com\/?s={search_term_string}"},"query-input":{"@type":"PropertyValueSpecification","valueRequired":true,"valueName":"search_term_string"}}],"inLanguage":"ro-RO"},{"@type":"Organization","@id":"https:\/\/voluntaryregistry.com\/#organization","name":"OurOffset Nonprofit LLC.","url":"https:\/\/voluntaryregistry.com\/","logo":{"@type":"ImageObject","inLanguage":"ro-RO","@id":"https:\/\/voluntaryregistry.com\/#\/schema\/logo\/image\/","url":"https:\/\/res.cloudinary.com\/voluntaryregistry\/images\/c_scale,q_auto:eco,w_500\/f_auto,q_auto:eco\/v1627158303\/voluntary_registry\/voluntary_registry.png?_i=AA","contentUrl":"https:\/\/res.cloudinary.com\/voluntaryregistry\/images\/c_scale,q_auto:eco,w_500\/f_auto,q_auto:eco\/v1627158303\/voluntary_registry\/voluntary_registry.png?_i=AA","width":500,"height":114,"caption":"OurOffset Nonprofit LLC."},"image":{"@id":"https:\/\/voluntaryregistry.com\/#\/schema\/logo\/image\/"},"sameAs":["https:\/\/www.facebook.com\/groups\/195978027185234"]}]}},"_links":{"self":[{"href":"https:\/\/voluntaryregistry.com\/ro\/wp-json\/wp\/v2\/pages\/426","targetHints":{"allow":["GET"]}}],"collection":[{"href":"https:\/\/voluntaryregistry.com\/ro\/wp-json\/wp\/v2\/pages"}],"about":[{"href":"https:\/\/voluntaryregistry.com\/ro\/wp-json\/wp\/v2\/types\/page"}],"author":[{"embeddable":true,"href":"https:\/\/voluntaryregistry.com\/ro\/wp-json\/wp\/v2\/users\/1"}],"replies":[{"embeddable":true,"href":"https:\/\/voluntaryregistry.com\/ro\/wp-json\/wp\/v2\/comments?post=426"}],"version-history":[{"count":0,"href":"https:\/\/voluntaryregistry.com\/ro\/wp-json\/wp\/v2\/pages\/426\/revisions"}],"wp:attachment":[{"href":"https:\/\/voluntaryregistry.com\/ro\/wp-json\/wp\/v2\/media?parent=426"}],"wp:term":[{"taxonomy":"category","embeddable":true,"href":"https:\/\/voluntaryregistry.com\/ro\/wp-json\/wp\/v2\/categories?post=426"},{"taxonomy":"post_tag","embeddable":true,"href":"https:\/\/voluntaryregistry.com\/ro\/wp-json\/wp\/v2\/tags?post=426"}],"curies":[{"name":"wp","href":"https:\/\/api.w.org\/{rel}","templated":true}]}}